{"id":440,"date":"2015-05-11T11:58:18","date_gmt":"2015-05-11T11:58:18","guid":{"rendered":"http:\/\/www.hirvarit.fi\/teatteri\/?page_id=440"},"modified":"2025-11-29T16:41:24","modified_gmt":"2025-11-29T16:41:24","slug":"menneet-naytelmat-2","status":"publish","type":"page","link":"https:\/\/www.hirvarit.fi\/teatteri\/hirvarit-2\/menneet-naytelmat-2\/","title":{"rendered":"Hirvarit lyhyesti"},"content":{"rendered":"<p>Hirvensalon Nuorisoteatteri ry, &#8220;Hirvarit&#8221;, on ammattijohtoinen harrastajateatteri, joka perustettiin helmikuussa 2014. Teatterin perusti ohjaaja-dramaturgi Minna-Stiina Saaristo-Vellinki.<\/p>\n<p>Teatterin tavoitteena on tuottaa n\u00e4ytelm\u00e4tuotantoja lapsia ja nuoria kiinnostavista aiheista. Kaikkien kurssien ja n\u00e4ytelmien ohjaajina sek\u00e4 tuotantojen teknisiss\u00e4 osa-alueissa, kuten lavastus, puvustus, tekniikka, markkinointi, ty\u00f6llistet\u00e4\u00e4n omien alojensa ammattilaisia tai alalle valmistuvia.<\/p>\n<p>Hirvarit harjoittelee <a href=\"https:\/\/www.google.com\/maps\/place\/Hirvensalon+Nuorisoteatteri+ry.\/@60.4194268,22.2266862,15z\/data=!4m5!3m4!1s0x0:0x25d663a93fe8bb2d!8m2!3d60.4194268!4d22.2266862\">Syv\u00e4lahden<\/a> vuonna 2018 valmistuneessa monitoimitalossa, jonka n\u00e4ytt\u00e4m\u00f6lle esitykset toteutetaan. Katsomo kootaan esityksitt\u00e4in, joten yleis\u00f6kapasitetti vaihtelee 50-150 katsojan v\u00e4lill\u00e4.<\/p>\n<p>Hirvarit k\u00e4ynnist\u00e4\u00e4 teatterivuoden elo-syyskuun vaihteessa pidett\u00e4v\u00e4ll\u00e4 info- ja ilmoittautumistilaisuudella, jossa kuka tahansa voi ilmoittautua mukaan toimintaan. Teatteristartin tarkka ajankohta julkistetaan aina edelt\u00e4v\u00e4n kes\u00e4n aikana.<\/p>\n<p>Teatteriharrastuksesta kiinnostuneet voivat my\u00f6s ottaa suoraan yhteytt\u00e4 teatterinjohtajiin:<\/p>\n<p>Venla Sippola<br \/>\n0406751924<\/p>\n<p>Topi Anttila<br \/>\ntopelius98@outlook.com \/ 0407532822<\/p>\n","protected":false},"excerpt":{"rendered":"<p>Hirvensalon Nuorisoteatteri ry, &#8220;Hirvarit&#8221;, on ammattijohtoinen harrastajateatteri, joka perustettiin helmikuussa 2014. Teatterin perusti ohjaaja-dramaturgi Minna-Stiina Saaristo-Vellinki. Teatterin tavoitteena on tuottaa n\u00e4ytelm\u00e4tuotantoja lapsia ja nuoria kiinnostavista aiheista. Kaikkien kurssien ja n\u00e4ytelmien ohjaajina sek\u00e4 tuotantojen teknisiss\u00e4 osa-alueissa, kuten lavastus, puvustus, tekniikka, markkinointi,<\/p>\n","protected":false},"author":1,"featured_media":0,"parent":430,"menu_order":0,"comment_status":"closed","ping_status":"closed","template":"","meta":{"footnotes":""},"class_list":["post-440","page","type-page","status-publish","hentry"],"_links":{"self":[{"href":"https:\/\/www.hirvarit.fi\/teatteri\/wp-json\/wp\/v2\/pages\/440","targetHints":{"allow":["GET"]}}],"collection":[{"href":"https:\/\/www.hirvarit.fi\/teatteri\/wp-json\/wp\/v2\/pages"}],"about":[{"href":"https:\/\/www.hirvarit.fi\/teatteri\/wp-json\/wp\/v2\/types\/page"}],"author":[{"embeddable":true,"href":"https:\/\/www.hirvarit.fi\/teatteri\/wp-json\/wp\/v2\/users\/1"}],"replies":[{"embeddable":true,"href":"https:\/\/www.hirvarit.fi\/teatteri\/wp-json\/wp\/v2\/comments?post=440"}],"version-history":[{"count":21,"href":"https:\/\/www.hirvarit.fi\/teatteri\/wp-json\/wp\/v2\/pages\/440\/revisions"}],"predecessor-version":[{"id":3720,"href":"https:\/\/www.hirvarit.fi\/teatteri\/wp-json\/wp\/v2\/pages\/440\/revisions\/3720"}],"up":[{"embeddable":true,"href":"https:\/\/www.hirvarit.fi\/teatteri\/wp-json\/wp\/v2\/pages\/430"}],"wp:attachment":[{"href":"https:\/\/www.hirvarit.fi\/teatteri\/wp-json\/wp\/v2\/media?parent=440"}],"curies":[{"name":"wp","href":"https:\/\/api.w.org\/{rel}","templated":true}]}}