{"id":432,"date":"2014-03-17T10:58:39","date_gmt":"2014-03-17T10:58:39","guid":{"rendered":"http:\/\/demo.themegrill.com\/spacious\/?page_id=7"},"modified":"2026-03-13T22:21:20","modified_gmt":"2026-03-13T22:21:20","slug":"business-template","status":"publish","type":"page","link":"https:\/\/www.hirvarit.fi\/teatteri\/","title":{"rendered":"Etusivu"},"content":{"rendered":"\n<h2 class=\"wp-block-heading\"><a href=\"https:\/\/www.hirvarit.fi\/teatteri\/veljeni-leijonamieli-tulossa-helmikuussa\/\">Veljeni leijonamiel helmikuussa Syv\u00e4lahden monitoimitalolla!<\/a><figure><a href=\"http:\/\/www.hirvarit.fi\/teatteri\/wp-content\/uploads\/2025\/11\/WhatsApp-Image-2025-11-28-at-15.53.56-1.jpeg\"><img fetchpriority=\"high\" decoding=\"async\" width=\"1080\" height=\"1350\" class=\"alignnone size-full wp-image-3684\" src=\"http:\/\/www.hirvarit.fi\/teatteri\/wp-content\/uploads\/2025\/11\/WhatsApp-Image-2025-11-28-at-15.53.56-1.jpeg\" alt=\"whatsapp image 2025 11 28 at 15.53.56\" title=\"Etusivu\"><\/a><\/figure><\/h2>\n\n\n\n<div class=\"wp-block-buttons is-content-justification-left is-layout-flex wp-container-core-buttons-is-layout-fc4fd283 wp-block-buttons-is-layout-flex\"><\/div>\n\n\n\n<div class=\"wp-block-columns is-layout-flex wp-container-core-columns-is-layout-28f84493 wp-block-columns-is-layout-flex\">\n<div class=\"wp-block-column is-layout-flow wp-block-column-is-layout-flow\">\n<div class=\"wp-block-media-text is-stacked-on-mobile is-vertically-aligned-center\"><figure class=\"wp-block-media-text__media\"><img decoding=\"async\" width=\"1024\" height=\"678\" src=\"http:\/\/www.hirvarit.fi\/teatteri\/wp-content\/uploads\/2024\/02\/DSC_0269-1024x678.jpeg\" alt=\"DSC 0269 1024x678\" class=\"wp-image-3295 size-full\" title=\"Etusivu\" srcset=\"https:\/\/www.hirvarit.fi\/teatteri\/wp-content\/uploads\/2024\/02\/DSC_0269-1024x678.jpeg 1024w, https:\/\/www.hirvarit.fi\/teatteri\/wp-content\/uploads\/2024\/02\/DSC_0269-300x199.jpeg 300w, https:\/\/www.hirvarit.fi\/teatteri\/wp-content\/uploads\/2024\/02\/DSC_0269-768x509.jpeg 768w, https:\/\/www.hirvarit.fi\/teatteri\/wp-content\/uploads\/2024\/02\/DSC_0269-1536x1017.jpeg 1536w, https:\/\/www.hirvarit.fi\/teatteri\/wp-content\/uploads\/2024\/02\/DSC_0269-2048x1356.jpeg 2048w\" sizes=\"(max-width: 1024px) 100vw, 1024px\" \/><\/figure><div class=\"wp-block-media-text__content\">\n<h3 class=\"wp-block-heading\"><a href=\"https:\/\/www.hirvarit.fi\/teatteri\/ajankohtaista\/hirvarit-etsii-yhdistyksen-hallitukseen-jasenia\/\" data-type=\"page\" data-id=\"3652\">Hirvarit etsii yhdistyksen hallitukseen j\u00e4seni\u00e4!<\/a><\/h3>\n<\/div><\/div>\n<\/div>\n\n\n\n<div class=\"wp-block-column is-layout-flow wp-block-column-is-layout-flow\">\n<div class=\"wp-block-media-text is-stacked-on-mobile is-vertically-aligned-center\"><figure class=\"wp-block-media-text__media\"><img decoding=\"async\" width=\"1024\" height=\"536\" src=\"http:\/\/www.hirvarit.fi\/teatteri\/wp-content\/uploads\/2025\/08\/veljeni-leijonamieli-hakujuliste-fb-event-1024x536.png\" alt=\"Veljeni Leijonamieli Hakujuliste Fb Event 1024x536\" class=\"wp-image-3392 size-full\" title=\"Etusivu\" srcset=\"https:\/\/www.hirvarit.fi\/teatteri\/wp-content\/uploads\/2025\/08\/veljeni-leijonamieli-hakujuliste-fb-event-1024x536.png 1024w, https:\/\/www.hirvarit.fi\/teatteri\/wp-content\/uploads\/2025\/08\/veljeni-leijonamieli-hakujuliste-fb-event-300x157.png 300w, https:\/\/www.hirvarit.fi\/teatteri\/wp-content\/uploads\/2025\/08\/veljeni-leijonamieli-hakujuliste-fb-event-768x402.png 768w, https:\/\/www.hirvarit.fi\/teatteri\/wp-content\/uploads\/2025\/08\/veljeni-leijonamieli-hakujuliste-fb-event-1536x804.png 1536w, https:\/\/www.hirvarit.fi\/teatteri\/wp-content\/uploads\/2025\/08\/veljeni-leijonamieli-hakujuliste-fb-event-2048x1072.png 2048w\" sizes=\"(max-width: 1024px) 100vw, 1024px\" \/><\/figure><div class=\"wp-block-media-text__content\">\n<h5 class=\"wp-block-heading alignwide\"><a href=\"https:\/\/www.hirvarit.fi\/teatteri\/ajankohtaista\/casting-tilaisuus-rakastettuun-lastensatuun-veljeni-leijonamieli\/\" data-type=\"page\" data-id=\"3598\">Casting-tilaisuus rakastettuun lastensatuun Veljeni Leijonamieli!<\/a><\/h5>\n<\/div><\/div>\n<\/div>\n<\/div>\n\n\n\n<div class=\"wp-block-media-text is-stacked-on-mobile\" style=\"grid-template-columns:28% auto\"><figure class=\"wp-block-media-text__media\"><a href=\"https:\/\/www.hirvarit.fi\/teatteri\/hirvareiden-historia\/\" rel=\"Tietoa Hirvareista\"><img loading=\"lazy\" decoding=\"async\" width=\"606\" height=\"491\" src=\"http:\/\/www.hirvarit.fi\/teatteri\/wp-content\/uploads\/2025\/08\/Logo-vaalealle-pohjalle.png\" alt=\"Logo Vaalealle Pohjalle\" class=\"wp-image-3535 size-full\" title=\"Etusivu\" srcset=\"https:\/\/www.hirvarit.fi\/teatteri\/wp-content\/uploads\/2025\/08\/Logo-vaalealle-pohjalle.png 606w, https:\/\/www.hirvarit.fi\/teatteri\/wp-content\/uploads\/2025\/08\/Logo-vaalealle-pohjalle-300x243.png 300w\" sizes=\"(max-width: 606px) 100vw, 606px\" \/><\/a><\/figure><div class=\"wp-block-media-text__content\">\n<p><\/p>\n<\/div><\/div>\n\n\n\n<p class=\"has-text-align-left has-medium-font-size\"><a href=\"https:\/\/www.hirvarit.fi\/teatteri\/hirvareiden-historia\/\" data-type=\"post\" data-id=\"912\">Hirvareiden historia<\/a><\/p>\n\n\n\n<div class=\"wp-block-media-text is-stacked-on-mobile\"><figure class=\"wp-block-media-text__media\"><\/figure><div class=\"wp-block-media-text__content\">\n<p><\/p>\n<\/div><\/div>\n","protected":false},"excerpt":{"rendered":"<p>Veljeni leijonamiel helmikuussa Syv\u00e4lahden monitoimitalolla! Hirvarit etsii yhdistyksen hallitukseen j\u00e4seni\u00e4! Casting-tilaisuus rakastettuun lastensatuun Veljeni Leijonamieli! Hirvareiden historia<\/p>\n","protected":false},"author":1,"featured_media":0,"parent":0,"menu_order":0,"comment_status":"closed","ping_status":"closed","template":"","meta":{"footnotes":""},"class_list":["post-432","page","type-page","status-publish","hentry"],"_links":{"self":[{"href":"https:\/\/www.hirvarit.fi\/teatteri\/wp-json\/wp\/v2\/pages\/432","targetHints":{"allow":["GET"]}}],"collection":[{"href":"https:\/\/www.hirvarit.fi\/teatteri\/wp-json\/wp\/v2\/pages"}],"about":[{"href":"https:\/\/www.hirvarit.fi\/teatteri\/wp-json\/wp\/v2\/types\/page"}],"author":[{"embeddable":true,"href":"https:\/\/www.hirvarit.fi\/teatteri\/wp-json\/wp\/v2\/users\/1"}],"replies":[{"embeddable":true,"href":"https:\/\/www.hirvarit.fi\/teatteri\/wp-json\/wp\/v2\/comments?post=432"}],"version-history":[{"count":14,"href":"https:\/\/www.hirvarit.fi\/teatteri\/wp-json\/wp\/v2\/pages\/432\/revisions"}],"predecessor-version":[{"id":3751,"href":"https:\/\/www.hirvarit.fi\/teatteri\/wp-json\/wp\/v2\/pages\/432\/revisions\/3751"}],"wp:attachment":[{"href":"https:\/\/www.hirvarit.fi\/teatteri\/wp-json\/wp\/v2\/media?parent=432"}],"curies":[{"name":"wp","href":"https:\/\/api.w.org\/{rel}","templated":true}]}}