{"id":36,"date":"2015-01-18T07:09:07","date_gmt":"2015-01-18T07:09:07","guid":{"rendered":"http:\/\/www.hirvarit.fi\/teatteri\/?page_id=36"},"modified":"2025-08-05T17:04:49","modified_gmt":"2025-08-05T17:04:49","slug":"yhteystiedot","status":"publish","type":"page","link":"https:\/\/www.hirvarit.fi\/teatteri\/yhteystiedot\/","title":{"rendered":"Yhteystiedot"},"content":{"rendered":"<p><strong>Hirvensalon Nuorisoteatteri ry<br \/><\/strong>Syv\u00e4lahden monitoimitalo<br \/>Vanha Kakskerrantie 8<br \/>20900 Turku<br \/><a href=\"https:\/\/www.google.com\/maps\/place\/Hirvensalon+Nuorisoteatteri+ry.\/@60.4194268,22.2266862,15z\/data=!4m5!3m4!1s0x0:0x25d663a93fe8bb2d!8m2!3d60.4194268!4d22.2266862\">KARTTA<\/a><\/p>\n<p><strong>Teatterinjohtajat<\/strong><\/p>\n<p>Venla Sippola ja Topi Anttila<\/p>\n<p>tiedotus.hirvarit@gmail.com<\/p>\n<p><strong>Puheenjohtaja<\/strong><\/p>\n<p>Esa Hoffren<br \/>esa.hoffren@live.com<br \/>p. 050 367 2427<\/p>\n<h4><strong>Laskutusosoite:<\/strong><br \/>Hirvensalon Nuorisoteatteri ry \/ Laskut<br \/>c\/o Tiina Syrj\u00e4nen<br \/>Alitalonkatu 16<br \/>20300 Turku<br \/><span class=\"gI\"><span class=\"qu\" tabindex=\"-1\" role=\"gridcell\" translate=\"no\"><span class=\"go\">tiina.syrjanen@abo.fi<\/span><\/span><\/span><\/h4>\n<h4><a href=\"http:\/\/www.hirvarit.fi\/teatteri\/hirvensalon-nuorisoteatterin-periaatteet-valokuvien-julkaisusta\/\"><span style=\"color: #33cccc;\"><span style=\"color: #000000;\"><span style=\"color: #00ccff;\">HIRVENSALON NUORISOTEATTERIN TIETOSUOJALAUSEKKEEN, SEK\u00c4 VALOKUVIEN JULKAISUK\u00c4YT\u00c4NN\u00d6T L\u00d6YD\u00c4T T\u00c4\u00c4LT\u00c4<\/span><\/span><\/span><\/a><\/h4>\n\n","protected":false},"excerpt":{"rendered":"<p>Hirvensalon Nuorisoteatteri rySyv\u00e4lahden monitoimitaloVanha Kakskerrantie 820900 TurkuKARTTA Teatterinjohtajat Venla Sippola ja Topi Anttila tiedotus.hirvarit@gmail.com Puheenjohtaja Esa Hoffrenesa.hoffren@live.comp. 050 367 2427 Laskutusosoite:Hirvensalon Nuorisoteatteri ry \/ Laskutc\/o Tiina Syrj\u00e4nenAlitalonkatu 1620300 Turkutiina.syrjanen@abo.fi HIRVENSALON NUORISOTEATTERIN TIETOSUOJALAUSEKKEEN, SEK\u00c4 VALOKUVIEN JULKAISUK\u00c4YT\u00c4NN\u00d6T L\u00d6YD\u00c4T T\u00c4\u00c4LT\u00c4<\/p>\n","protected":false},"author":1,"featured_media":0,"parent":0,"menu_order":8,"comment_status":"closed","ping_status":"closed","template":"","meta":{"footnotes":""},"class_list":["post-36","page","type-page","status-publish","hentry"],"_links":{"self":[{"href":"https:\/\/www.hirvarit.fi\/teatteri\/wp-json\/wp\/v2\/pages\/36","targetHints":{"allow":["GET"]}}],"collection":[{"href":"https:\/\/www.hirvarit.fi\/teatteri\/wp-json\/wp\/v2\/pages"}],"about":[{"href":"https:\/\/www.hirvarit.fi\/teatteri\/wp-json\/wp\/v2\/types\/page"}],"author":[{"embeddable":true,"href":"https:\/\/www.hirvarit.fi\/teatteri\/wp-json\/wp\/v2\/users\/1"}],"replies":[{"embeddable":true,"href":"https:\/\/www.hirvarit.fi\/teatteri\/wp-json\/wp\/v2\/comments?post=36"}],"version-history":[{"count":76,"href":"https:\/\/www.hirvarit.fi\/teatteri\/wp-json\/wp\/v2\/pages\/36\/revisions"}],"predecessor-version":[{"id":3389,"href":"https:\/\/www.hirvarit.fi\/teatteri\/wp-json\/wp\/v2\/pages\/36\/revisions\/3389"}],"wp:attachment":[{"href":"https:\/\/www.hirvarit.fi\/teatteri\/wp-json\/wp\/v2\/media?parent=36"}],"curies":[{"name":"wp","href":"https:\/\/api.w.org\/{rel}","templated":true}]}}