{"id":32,"date":"2015-01-18T07:08:30","date_gmt":"2015-01-18T07:08:30","guid":{"rendered":"http:\/\/www.hirvarit.fi\/teatteri\/?page_id=32"},"modified":"2025-11-29T16:19:22","modified_gmt":"2025-11-29T16:19:22","slug":"liput","status":"publish","type":"page","link":"https:\/\/www.hirvarit.fi\/teatteri\/liput\/","title":{"rendered":"Liput"},"content":{"rendered":"\n<p class=\"has-medium-font-size\"><a href=\"https:\/\/www.hirvarit.fi\/teatteri\/liput\/veljeni-leijonamieli-tulossa-helmikuussa\/\" data-type=\"page\" data-id=\"3683\">Helmikuu 2026 Veljeni Leijonamieli &#8211; osta liput t\u00e4\u00e4lt\u00e4!<\/a><\/p>\n\n\n\n<figure class=\"wp-block-image size-full is-resized\"><a href=\"https:\/\/www.hirvarit.fi\/teatteri\/wp-content\/uploads\/2025\/11\/IMG_3528.jpg\"><img fetchpriority=\"high\" decoding=\"async\" width=\"2496\" height=\"1404\" src=\"http:\/\/www.hirvarit.fi\/teatteri\/wp-content\/uploads\/2025\/11\/IMG_3528.jpg\" alt=\"img 3528\" class=\"wp-image-3702\" style=\"width:470px;height:auto\" title=\"Liput\"><\/a><\/figure>\n\n\n\n<p><\/p>\n\n\n<h3><strong style=\"color: revert; font-size: revert;\"><a href=\"http:\/\/www.hirvarit.fi\/teatteri\/lippujen-lunastus-varausten-peruutus-ja-lunastettujen-lippujen-palautus\/\">Yleist\u00e4 tietoa lipunvarauksesta ja varauksen muuttamisesta \/ peruutuksesta.<\/a><\/strong><\/h3>\n\n\n<p><\/p>\n","protected":false},"excerpt":{"rendered":"<p>Helmikuu 2026 Veljeni Leijonamieli &#8211; osta liput t\u00e4\u00e4lt\u00e4! Yleist\u00e4 tietoa lipunvarauksesta ja varauksen muuttamisesta \/ peruutuksesta.<\/p>\n","protected":false},"author":1,"featured_media":0,"parent":0,"menu_order":0,"comment_status":"closed","ping_status":"closed","template":"","meta":{"footnotes":""},"class_list":["post-32","page","type-page","status-publish","hentry"],"_links":{"self":[{"href":"https:\/\/www.hirvarit.fi\/teatteri\/wp-json\/wp\/v2\/pages\/32","targetHints":{"allow":["GET"]}}],"collection":[{"href":"https:\/\/www.hirvarit.fi\/teatteri\/wp-json\/wp\/v2\/pages"}],"about":[{"href":"https:\/\/www.hirvarit.fi\/teatteri\/wp-json\/wp\/v2\/types\/page"}],"author":[{"embeddable":true,"href":"https:\/\/www.hirvarit.fi\/teatteri\/wp-json\/wp\/v2\/users\/1"}],"replies":[{"embeddable":true,"href":"https:\/\/www.hirvarit.fi\/teatteri\/wp-json\/wp\/v2\/comments?post=32"}],"version-history":[{"count":123,"href":"https:\/\/www.hirvarit.fi\/teatteri\/wp-json\/wp\/v2\/pages\/32\/revisions"}],"predecessor-version":[{"id":3713,"href":"https:\/\/www.hirvarit.fi\/teatteri\/wp-json\/wp\/v2\/pages\/32\/revisions\/3713"}],"wp:attachment":[{"href":"https:\/\/www.hirvarit.fi\/teatteri\/wp-json\/wp\/v2\/media?parent=32"}],"curies":[{"name":"wp","href":"https:\/\/api.w.org\/{rel}","templated":true}]}}