{"id":3095,"date":"2022-10-01T18:22:31","date_gmt":"2022-10-01T18:22:31","guid":{"rendered":"http:\/\/www.hirvarit.fi\/teatteri\/?page_id=3095"},"modified":"2022-11-16T11:53:50","modified_gmt":"2022-11-16T11:53:50","slug":"pikku-vampyyri","status":"publish","type":"page","link":"https:\/\/www.hirvarit.fi\/teatteri\/pikku-vampyyri\/","title":{"rendered":"Pikku vampyyri"},"content":{"rendered":"\n<figure class=\"wp-block-image size-large\"><a href=\"http:\/\/www.hirvarit.fi\/teatteri\/wp-content\/uploads\/2022\/10\/HirvaritPikkuVampyyri1puolinen.jpg\"><img fetchpriority=\"high\" decoding=\"async\" width=\"724\" height=\"1024\" src=\"http:\/\/www.hirvarit.fi\/teatteri\/wp-content\/uploads\/2022\/10\/HirvaritPikkuVampyyri1puolinen-724x1024.jpg\" alt=\"HirvaritPikkuVampyyri1puolinen 724x1024\" class=\"wp-image-3096\" title=\"Pikku vampyyri\" srcset=\"https:\/\/www.hirvarit.fi\/teatteri\/wp-content\/uploads\/2022\/10\/HirvaritPikkuVampyyri1puolinen-724x1024.jpg 724w, https:\/\/www.hirvarit.fi\/teatteri\/wp-content\/uploads\/2022\/10\/HirvaritPikkuVampyyri1puolinen-212x300.jpg 212w, https:\/\/www.hirvarit.fi\/teatteri\/wp-content\/uploads\/2022\/10\/HirvaritPikkuVampyyri1puolinen-768x1086.jpg 768w, https:\/\/www.hirvarit.fi\/teatteri\/wp-content\/uploads\/2022\/10\/HirvaritPikkuVampyyri1puolinen-1086x1536.jpg 1086w, https:\/\/www.hirvarit.fi\/teatteri\/wp-content\/uploads\/2022\/10\/HirvaritPikkuVampyyri1puolinen.jpg 1131w\" sizes=\"(max-width: 724px) 100vw, 724px\" \/><\/a><figcaption>Juliste Frans Rinne<\/figcaption><\/figure>\n\n\n\n<p>Kutkuttavan kauhistuttava koko perheen seikkailu<\/p>\n\n\n\n<p>Pikku Vampyyri on ennen kaikkea tarina erityisest\u00e4 ja ennakkoluulottomasta yst\u00e4vyydest\u00e4. Kouluik\u00e4inen Anton kohtaa er\u00e4\u00e4n\u00e4 iltana huoneessaan ihan oikean vampyyrin \u2013 Rydiger Von Sclottersteinin. Kun selvi\u00e4\u00e4, ett\u00e4 vampyyrin aikeet ovat yst\u00e4v\u00e4lliset, alkaa Antonilla el\u00e4m\u00e4ns\u00e4 seikkailu. H\u00e4n saa tutustua maailmaan, johon aikuiset eiv\u00e4t usko. Y\u00f6lliset seikkailut hautausmaalla saavat kuitenkin k\u00e4\u00e4nteen, kun Rydiger p\u00e4\u00e4tt\u00e4\u00e4 vied\u00e4 Antonin tutustumaan omaan perheeseens\u00e4. Von Sclottersteinien vampyyriperheen hurjat, mutta kutkuttavan hauskat j\u00e4senet sekoittavat pian Antoninkin el\u00e4m\u00e4n. J\u00e4nnityst\u00e4 tihent\u00e4\u00e4 viel\u00e4 Antonin vanhempien halu tutustua lapsensa uuteen yst\u00e4v\u00e4\u00e4n Rydigeriin.<\/p>\n\n\n\n<p>Pikku Vampyyri-n\u00e4ytelm\u00e4 perustuu Angelma Sommer-Bodenburgin luomaan samannimiseen kirjasarjaan, jonka osia on ilmestynyt suomeksi melkein kaksikymment\u00e4. Kirjojen ja n\u00e4ytelm\u00e4n lis\u00e4ksi Angelan vampyyritarinoista on tehty my\u00f6s palkittu tv-sarja ja elokuva.<\/p>\n\n\n\n<p><\/p>\n\n\n\n<p><\/p>\n\n\n\n<p style=\"font-size:22px\">Esityksen kesto 1h 45min v\u00e4liajalle<\/p>\n\n\n\n<p style=\"font-size:22px\">Suositeltu koului\u00e4st\u00e4 yl\u00f6sp\u00e4in<\/p>\n\n\n\n<p style=\"font-size:22px\">HUOM. Esityksess\u00e4 k\u00e4ytet\u00e4\u00e4n vaaratonta teatterisavua ja v\u00e4lkkyvi\u00e4 valoja<\/p>\n\n\n\n<p><\/p>\n\n\n\n<p><\/p>\n\n\n\n<p><\/p>\n\n\n\n<p>Kuvia Pikku vampyyrist\u00e4 l\u00f6yd\u00e4t <a href=\"http:\/\/www.hirvarit.fi\/teatteri\/pikku-vampyyri-valokuvia\/\" data-type=\"URL\" data-id=\"http:\/\/www.hirvarit.fi\/teatteri\/pikku-vampyyri-valokuvia\/\">T\u00c4\u00c4LT\u00c4<\/a><\/p>\n\n\n\n<p>ESITYKSET<\/p>\n\n\n\n<p>Ke 16.11. klo 18 <em>(Ensi-ilta)<\/em><\/p>\n\n\n\n<p>To 17.11. klo 18<\/p>\n\n\n\n<p>La 19.11. klo 16<\/p>\n\n\n\n<p>Su 20.11. klo 16<\/p>\n\n\n\n<p>Ke 23.11. klo 18<\/p>\n\n\n\n<p>To 24.11. klo 18<\/p>\n\n\n\n<p>La 26.11. klo 16<\/p>\n\n\n\n<p>Su 27.11. klo 16<\/p>\n\n\n\n<p>Ti 29.11 klo 18<\/p>\n\n\n\n<p>Ke 30.11. klo 18<\/p>\n\n\n\n<p>La 3.12. klo 16<\/p>\n\n\n\n<p>Su 4.12. klo 16<\/p>\n\n\n\n<p>Ma 5.12. klo 18<\/p>\n\n\n\n<p>Ke 7.12. klo 18<\/p>\n\n\n\n<p>To 8.12. klo 18<\/p>\n\n\n\n<p>La 10.12. klo 16<\/p>\n\n\n\n<p><\/p>\n\n\n\n<p><\/p>\n\n\n\n<p><\/p>\n\n\n\n<p><\/p>\n\n\n\n<p><\/p>\n\n\n\n<p><\/p>\n\n\n\n<p><\/p>\n\n\n\n<p><a href=\"https:\/\/hirvarit.teatteriliput.net\/lipunvaraus\/?esitys=36\">LIPUT ESITYKSEEN T\u00c4\u00c4LT\u00c4<\/a><\/p>\n\n\n\n<p><\/p>\n\n\n\n<p>LIPUT<\/p>\n\n\n\n<p>17\u20ac (Normaalihintainen)<\/p>\n\n\n\n<p>13\u20ac (Lapset, opiskelijat, el\u00e4kel\u00e4iset)<\/p>\n\n\n\n<p>50\u20ac&nbsp; (Perhelippu 2 aik. + 2 lasta tai 1 aik. + 3 lasta) <\/p>\n\n\n\n<p><\/p>\n\n\n\n<p><\/p>\n","protected":false},"excerpt":{"rendered":"<p>Kutkuttavan kauhistuttava koko perheen seikkailu Pikku Vampyyri on ennen kaikkea tarina erityisest\u00e4 ja ennakkoluulottomasta yst\u00e4vyydest\u00e4. Kouluik\u00e4inen Anton kohtaa er\u00e4\u00e4n\u00e4 iltana huoneessaan ihan oikean vampyyrin \u2013 Rydiger Von Sclottersteinin. Kun selvi\u00e4\u00e4, ett\u00e4 vampyyrin aikeet ovat yst\u00e4v\u00e4lliset, alkaa Antonilla el\u00e4m\u00e4ns\u00e4 seikkailu. H\u00e4n<\/p>\n","protected":false},"author":1,"featured_media":0,"parent":0,"menu_order":0,"comment_status":"closed","ping_status":"closed","template":"","meta":{"footnotes":""},"class_list":["post-3095","page","type-page","status-publish","hentry"],"_links":{"self":[{"href":"https:\/\/www.hirvarit.fi\/teatteri\/wp-json\/wp\/v2\/pages\/3095","targetHints":{"allow":["GET"]}}],"collection":[{"href":"https:\/\/www.hirvarit.fi\/teatteri\/wp-json\/wp\/v2\/pages"}],"about":[{"href":"https:\/\/www.hirvarit.fi\/teatteri\/wp-json\/wp\/v2\/types\/page"}],"author":[{"embeddable":true,"href":"https:\/\/www.hirvarit.fi\/teatteri\/wp-json\/wp\/v2\/users\/1"}],"replies":[{"embeddable":true,"href":"https:\/\/www.hirvarit.fi\/teatteri\/wp-json\/wp\/v2\/comments?post=3095"}],"version-history":[{"count":7,"href":"https:\/\/www.hirvarit.fi\/teatteri\/wp-json\/wp\/v2\/pages\/3095\/revisions"}],"predecessor-version":[{"id":3159,"href":"https:\/\/www.hirvarit.fi\/teatteri\/wp-json\/wp\/v2\/pages\/3095\/revisions\/3159"}],"wp:attachment":[{"href":"https:\/\/www.hirvarit.fi\/teatteri\/wp-json\/wp\/v2\/media?parent=3095"}],"curies":[{"name":"wp","href":"https:\/\/api.w.org\/{rel}","templated":true}]}}