{"id":30,"date":"2015-01-18T07:08:13","date_gmt":"2015-01-18T07:08:13","guid":{"rendered":"http:\/\/www.hirvarit.fi\/teatteri\/?page_id=30"},"modified":"2021-05-04T11:37:35","modified_gmt":"2021-05-04T11:37:35","slug":"media","status":"publish","type":"page","link":"https:\/\/www.hirvarit.fi\/teatteri\/media\/","title":{"rendered":"Media"},"content":{"rendered":"<p>Median pudotusvalikoista l\u00f6yd\u00e4t Hirvensalon nuorisoteatterin jaettavaksi tarkoitettua mediasis\u00e4lt\u00f6\u00e4.<\/p>\n<p><strong> <a title=\"Kuvat\" href=\"http:\/\/www.hirvarit.fi\/teatteri\/pekka-topohanta-valokuvat\/\">Kuvat<\/a><\/strong><br \/>\nViimeisimm\u00e4t kuvat k\u00e4ynniss\u00e4 olevista produktioista.<\/p>\n<p><strong><a title=\"Video\" href=\"http:\/\/www.hirvarit.fi\/teatteri\/media\/video\/\">Video<\/a><\/strong><br \/>\nViimeisimm\u00e4t YouTube ym. videot nuorisoteatterin toiminnasta.<\/p>\n<p><strong><a title=\"Tiedotteet\" href=\"http:\/\/www.hirvarit.fi\/teatteri\/tiedotteet\/\">Tiedotteet<\/a><\/strong><br \/>\nViimeisimm\u00e4t nuorisoteatterin julkaisemat lehdist\u00f6tiedotteet ladattavina PDF-linkkein\u00e4.<\/p>\n","protected":false},"excerpt":{"rendered":"<p>Median pudotusvalikoista l\u00f6yd\u00e4t Hirvensalon nuorisoteatterin jaettavaksi tarkoitettua mediasis\u00e4lt\u00f6\u00e4. Kuvat Viimeisimm\u00e4t kuvat k\u00e4ynniss\u00e4 olevista produktioista. Video Viimeisimm\u00e4t YouTube ym. videot nuorisoteatterin toiminnasta. Tiedotteet Viimeisimm\u00e4t nuorisoteatterin julkaisemat lehdist\u00f6tiedotteet ladattavina PDF-linkkein\u00e4.<\/p>\n","protected":false},"author":1,"featured_media":0,"parent":0,"menu_order":5,"comment_status":"closed","ping_status":"closed","template":"","meta":{"footnotes":""},"class_list":["post-30","page","type-page","status-publish","hentry"],"_links":{"self":[{"href":"https:\/\/www.hirvarit.fi\/teatteri\/wp-json\/wp\/v2\/pages\/30","targetHints":{"allow":["GET"]}}],"collection":[{"href":"https:\/\/www.hirvarit.fi\/teatteri\/wp-json\/wp\/v2\/pages"}],"about":[{"href":"https:\/\/www.hirvarit.fi\/teatteri\/wp-json\/wp\/v2\/types\/page"}],"author":[{"embeddable":true,"href":"https:\/\/www.hirvarit.fi\/teatteri\/wp-json\/wp\/v2\/users\/1"}],"replies":[{"embeddable":true,"href":"https:\/\/www.hirvarit.fi\/teatteri\/wp-json\/wp\/v2\/comments?post=30"}],"version-history":[{"count":17,"href":"https:\/\/www.hirvarit.fi\/teatteri\/wp-json\/wp\/v2\/pages\/30\/revisions"}],"predecessor-version":[{"id":137,"href":"https:\/\/www.hirvarit.fi\/teatteri\/wp-json\/wp\/v2\/pages\/30\/revisions\/137"}],"wp:attachment":[{"href":"https:\/\/www.hirvarit.fi\/teatteri\/wp-json\/wp\/v2\/media?parent=30"}],"curies":[{"name":"wp","href":"https:\/\/api.w.org\/{rel}","templated":true}]}}