{"id":2601,"date":"2021-05-04T09:12:55","date_gmt":"2021-05-04T09:12:55","guid":{"rendered":"http:\/\/www.hirvarit.fi\/teatteri\/?page_id=2601"},"modified":"2022-11-12T19:15:34","modified_gmt":"2022-11-12T19:15:34","slug":"pekka-topohanta-valokuvat","status":"publish","type":"page","link":"https:\/\/www.hirvarit.fi\/teatteri\/pekka-topohanta-valokuvat\/","title":{"rendered":"LEHDIST\u00d6VALOKUVIA"},"content":{"rendered":"<p>HUOM! Kaikki teatterin sivuilta l\u00f6ytyv\u00e4t kuvat ovat vapaasti julkaistavissa <strong>sanoma- ja aikakauslehdiss\u00e4, sek\u00e4 n\u00e4iden verkkosivuilla<\/strong>. Muissa julkaisutapauksissa otathan ensin yhteytt\u00e4 teatterin johtoon. (Yhteystiedot l\u00f6yd\u00e4t <a href=\"http:\/\/www.hirvarit.fi\/teatteri\/yhteystiedot\/\">T\u00c4\u00c4LT\u00c4<\/a>)<\/p>\n<h2><a href=\"http:\/\/www.hirvarit.fi\/teatteri\/pikku-vampyyri-valokuvia\/\">PIKKU VAMPYYRI \/ VALOKUVIA<\/a> (Klikkaa teksti\u00e4)<\/h2>\n<h2>Kuvat: Frans Rinne<\/h2>\n<h2><a href=\"http:\/\/www.hirvarit.fi\/teatteri\/adalmiinan-helmi-valokuvia\/\">ADALMIINAN HELMI \/ VALOKUVIA\u00a0<\/a><\/h2>\n<h2>Kuvat: Mika Nurmi Photography<\/h2>\n<h2><a href=\"http:\/\/www.hirvarit.fi\/teatteri\/aliisa-valokuvat\/\">ALIISA IHMEMAASSA \/ VALOKUVIA<\/a><\/h2>\n<h2>Kuvat: Mika Nurmi Photography<\/h2>\n<h2><a href=\"http:\/\/www.hirvarit.fi\/teatteri\/pekka-topohanta-valokuvia\/\">PEKKA T\u00d6P\u00d6H\u00c4NT\u00c4 \/ VALOKUVIA<\/a><br \/>\nKuvat: Mika Nurmi Photography<\/h2>\n<h2><a href=\"http:\/\/www.hirvarit.fi\/teatteri\/puuhiset-valokuvia\/\">PUUHISET \/ VALOKUVIA<\/a><br \/>\nKuvat: Mika Nurmi Photography<\/h2>\n<h2><a href=\"http:\/\/www.hirvarit.fi\/teatteri\/ella-ja-kaverit-2018-valokuvat\/\">ELLA JA KAVERIT SALAISESSA PALVELUKSESSA \/ VALOKUVIA<\/a><br \/>\nKuvat: Mika Nurmi Photography<\/h2>\n","protected":false},"excerpt":{"rendered":"<p>HUOM! Kaikki teatterin sivuilta l\u00f6ytyv\u00e4t kuvat ovat vapaasti julkaistavissa sanoma- ja aikakauslehdiss\u00e4, sek\u00e4 n\u00e4iden verkkosivuilla. Muissa julkaisutapauksissa otathan ensin yhteytt\u00e4 teatterin johtoon. (Yhteystiedot l\u00f6yd\u00e4t T\u00c4\u00c4LT\u00c4) PIKKU VAMPYYRI \/ VALOKUVIA (Klikkaa teksti\u00e4) Kuvat: Frans Rinne ADALMIINAN HELMI \/ VALOKUVIA\u00a0 Kuvat: Mika<\/p>\n","protected":false},"author":1,"featured_media":0,"parent":0,"menu_order":0,"comment_status":"closed","ping_status":"closed","template":"","meta":{"footnotes":""},"class_list":["post-2601","page","type-page","status-publish","hentry"],"_links":{"self":[{"href":"https:\/\/www.hirvarit.fi\/teatteri\/wp-json\/wp\/v2\/pages\/2601","targetHints":{"allow":["GET"]}}],"collection":[{"href":"https:\/\/www.hirvarit.fi\/teatteri\/wp-json\/wp\/v2\/pages"}],"about":[{"href":"https:\/\/www.hirvarit.fi\/teatteri\/wp-json\/wp\/v2\/types\/page"}],"author":[{"embeddable":true,"href":"https:\/\/www.hirvarit.fi\/teatteri\/wp-json\/wp\/v2\/users\/1"}],"replies":[{"embeddable":true,"href":"https:\/\/www.hirvarit.fi\/teatteri\/wp-json\/wp\/v2\/comments?post=2601"}],"version-history":[{"count":14,"href":"https:\/\/www.hirvarit.fi\/teatteri\/wp-json\/wp\/v2\/pages\/2601\/revisions"}],"predecessor-version":[{"id":3155,"href":"https:\/\/www.hirvarit.fi\/teatteri\/wp-json\/wp\/v2\/pages\/2601\/revisions\/3155"}],"wp:attachment":[{"href":"https:\/\/www.hirvarit.fi\/teatteri\/wp-json\/wp\/v2\/media?parent=2601"}],"curies":[{"name":"wp","href":"https:\/\/api.w.org\/{rel}","templated":true}]}}