{"id":26,"date":"2015-01-18T07:07:52","date_gmt":"2015-01-18T07:07:52","guid":{"rendered":"http:\/\/www.hirvarit.fi\/teatteri\/?page_id=26"},"modified":"2025-01-14T09:47:04","modified_gmt":"2025-01-14T09:47:04","slug":"ohjelmisto","status":"publish","type":"page","link":"https:\/\/www.hirvarit.fi\/teatteri\/ohjelmisto\/","title":{"rendered":"Ohjelmisto"},"content":{"rendered":"\n<h2 class=\"wp-block-heading\">Hirvareiden 10-vuotisesitys <em>Nurinkurinranta<\/em><\/h2>\n\n\n\n<p>Ensiesitett\u00e4v\u00e4\u00e4 lastenteatteria Hirvensalon nuorisoteatterissa kev\u00e4\u00e4ll\u00e4 2024!<\/p>\n\n\n\n<figure class=\"wp-block-gallery has-nested-images columns-default is-cropped wp-block-gallery-1 is-layout-flex wp-block-gallery-is-layout-flex\">\n<figure class=\"wp-block-image size-large\"><a href=\"http:\/\/www.hirvarit.fi\/teatteri\/wp-content\/uploads\/2024\/02\/DSC_0296-1-scaled.jpeg\"><img fetchpriority=\"high\" decoding=\"async\" width=\"782\" height=\"1024\" data-id=\"3293\" src=\"http:\/\/www.hirvarit.fi\/teatteri\/wp-content\/uploads\/2024\/02\/DSC_0296-1-782x1024.jpeg\" alt=\"DSC 0296 1 782x1024\" class=\"wp-image-3293\" title=\"Ohjelmisto\" srcset=\"https:\/\/www.hirvarit.fi\/teatteri\/wp-content\/uploads\/2024\/02\/DSC_0296-1-782x1024.jpeg 782w, https:\/\/www.hirvarit.fi\/teatteri\/wp-content\/uploads\/2024\/02\/DSC_0296-1-229x300.jpeg 229w, https:\/\/www.hirvarit.fi\/teatteri\/wp-content\/uploads\/2024\/02\/DSC_0296-1-768x1006.jpeg 768w, https:\/\/www.hirvarit.fi\/teatteri\/wp-content\/uploads\/2024\/02\/DSC_0296-1-1172x1536.jpeg 1172w, https:\/\/www.hirvarit.fi\/teatteri\/wp-content\/uploads\/2024\/02\/DSC_0296-1-1563x2048.jpeg 1563w, https:\/\/www.hirvarit.fi\/teatteri\/wp-content\/uploads\/2024\/02\/DSC_0296-1-scaled.jpeg 1954w\" sizes=\"(max-width: 782px) 100vw, 782px\" \/><\/a><\/figure>\n\n\n\n<figure class=\"wp-block-image size-large\"><a href=\"http:\/\/www.hirvarit.fi\/teatteri\/wp-content\/uploads\/2024\/02\/DSC_0269-scaled.jpeg\"><img decoding=\"async\" width=\"1024\" height=\"678\" data-id=\"3295\" src=\"http:\/\/www.hirvarit.fi\/teatteri\/wp-content\/uploads\/2024\/02\/DSC_0269-1024x678.jpeg\" alt=\"DSC 0269 1024x678\" class=\"wp-image-3295\" title=\"Ohjelmisto\" srcset=\"https:\/\/www.hirvarit.fi\/teatteri\/wp-content\/uploads\/2024\/02\/DSC_0269-1024x678.jpeg 1024w, https:\/\/www.hirvarit.fi\/teatteri\/wp-content\/uploads\/2024\/02\/DSC_0269-300x199.jpeg 300w, https:\/\/www.hirvarit.fi\/teatteri\/wp-content\/uploads\/2024\/02\/DSC_0269-768x509.jpeg 768w, https:\/\/www.hirvarit.fi\/teatteri\/wp-content\/uploads\/2024\/02\/DSC_0269-1536x1017.jpeg 1536w, https:\/\/www.hirvarit.fi\/teatteri\/wp-content\/uploads\/2024\/02\/DSC_0269-2048x1356.jpeg 2048w\" sizes=\"(max-width: 1024px) 100vw, 1024px\" \/><\/a><\/figure>\n\n\n\n<figure class=\"wp-block-image size-large\"><a href=\"http:\/\/www.hirvarit.fi\/teatteri\/wp-content\/uploads\/2024\/02\/DSC_0180-1-scaled.jpeg\"><img decoding=\"async\" width=\"1024\" height=\"768\" data-id=\"3296\" src=\"http:\/\/www.hirvarit.fi\/teatteri\/wp-content\/uploads\/2024\/02\/DSC_0180-1-1024x768.jpeg\" alt=\"DSC 0180 1 1024x768\" class=\"wp-image-3296\" title=\"Ohjelmisto\" srcset=\"https:\/\/www.hirvarit.fi\/teatteri\/wp-content\/uploads\/2024\/02\/DSC_0180-1-1024x768.jpeg 1024w, https:\/\/www.hirvarit.fi\/teatteri\/wp-content\/uploads\/2024\/02\/DSC_0180-1-300x225.jpeg 300w, https:\/\/www.hirvarit.fi\/teatteri\/wp-content\/uploads\/2024\/02\/DSC_0180-1-768x576.jpeg 768w, https:\/\/www.hirvarit.fi\/teatteri\/wp-content\/uploads\/2024\/02\/DSC_0180-1-1536x1152.jpeg 1536w, https:\/\/www.hirvarit.fi\/teatteri\/wp-content\/uploads\/2024\/02\/DSC_0180-1-2048x1536.jpeg 2048w\" sizes=\"(max-width: 1024px) 100vw, 1024px\" \/><\/a><\/figure>\n<\/figure>\n\n\n\n<p><em>Nurinkurinranta 26.4.-12.5.<\/em><\/p>\n\n\n\n<p>Hirvensalon nuorisoteatteri kantaesitt\u00e4\u00e4\u00a0<a href=\"https:\/\/www.instagram.com\/nurinkurinranta\/\">@nurinkurinranta<\/a>\u00a0-lastenn\u00e4ytelm\u00e4n huhti-toukokuussa 2024. Esitys on konseptoitu Hirvensalon nuorisoteatterin 10-vuotisesitykseksi!<\/p>\n\n\n\n<p>\u201dYhten\u00e4 arkip\u00e4iv\u00e4n\u00e4 Aadan vanhemmat h\u00e4vi\u00e4v\u00e4t pyykkirumpuun. Yksin j\u00e4\u00e4ty\u00e4\u00e4n Aada astuu tuikitavallisesta Hirvensalosta Nurinkurinrantaan, jossa ei ole tietoakaan tylsistymisest\u00e4 \u2013 viikonp\u00e4iviss\u00e4 on seitsem\u00e4n perjantaita, eik\u00e4 vuoteen kuulu marraskuuta. Nurinkurinrannassa Aada tapaa Vilman, Mailiksen ja Ropposen leireineen. Sairastunut ranta, trampoliininpurkajat sek\u00e4 yltyv\u00e4 kotikipe\u00e4 koituvat lasten yhteisiksi haasteiksi.\u201d<\/p>\n\n\n\n<p>Ik\u00e4rajaton, lauluja kattava esitys k\u00e4sittelee kaipaamisen ja yhteis\u00f6n teemoja. Esityksen ohjaa Iiris Suvitie.<\/p>\n\n\n\n<p>Esitykset:<br>Pe 26.4. klo 18<br>Su 28.4. klo 12 &amp; 15<br>Pe 3.5. klo 18<br>Su 5.5. klo 12 &amp; 15<br>Ti 7.5. klo 18<br>Pe 10.5. klo 18<br>Su 12.5. klo 12 &amp; 15 <em>\u00c4itienp\u00e4iv\u00e4<\/em><\/p>\n\n\n\n<p>Liput 12\/10\u20ac<br>Varaa lippusi nettisivuiltamme osoitteessa:<br>https:\/\/hirvarit.teatteriliput.net\/lipunvaraus\/<\/p>\n\n\n\n<p>Esityspaikkamme sijaitsee Syv\u00e4lahden monitoimitalolla,<br>osoitteessa Vanha Kakskerrantie 8.<\/p>\n\n\n\n<p>N\u00e4yt\u00f6ksen kesto on noin 50 minuuttia sis\u00e4lt\u00e4en vartin v\u00e4liajan. Teatterikahvio tarjoilee v\u00e4liajalla ja ennen n\u00e4yt\u00f6ksen alkua. Tervetuloa, nurinkurin!<\/p>\n","protected":false},"excerpt":{"rendered":"<p>Hirvareiden 10-vuotisesitys Nurinkurinranta Ensiesitett\u00e4v\u00e4\u00e4 lastenteatteria Hirvensalon nuorisoteatterissa kev\u00e4\u00e4ll\u00e4 2024! Nurinkurinranta 26.4.-12.5. Hirvensalon nuorisoteatteri kantaesitt\u00e4\u00e4\u00a0@nurinkurinranta\u00a0-lastenn\u00e4ytelm\u00e4n huhti-toukokuussa 2024. Esitys on konseptoitu Hirvensalon nuorisoteatterin 10-vuotisesitykseksi! \u201dYhten\u00e4 arkip\u00e4iv\u00e4n\u00e4 Aadan vanhemmat h\u00e4vi\u00e4v\u00e4t pyykkirumpuun. Yksin j\u00e4\u00e4ty\u00e4\u00e4n Aada astuu tuikitavallisesta Hirvensalosta Nurinkurinrantaan, jossa ei ole tietoakaan tylsistymisest\u00e4<\/p>\n","protected":false},"author":1,"featured_media":0,"parent":0,"menu_order":3,"comment_status":"closed","ping_status":"closed","template":"","meta":{"footnotes":""},"class_list":["post-26","page","type-page","status-publish","hentry"],"_links":{"self":[{"href":"https:\/\/www.hirvarit.fi\/teatteri\/wp-json\/wp\/v2\/pages\/26","targetHints":{"allow":["GET"]}}],"collection":[{"href":"https:\/\/www.hirvarit.fi\/teatteri\/wp-json\/wp\/v2\/pages"}],"about":[{"href":"https:\/\/www.hirvarit.fi\/teatteri\/wp-json\/wp\/v2\/types\/page"}],"author":[{"embeddable":true,"href":"https:\/\/www.hirvarit.fi\/teatteri\/wp-json\/wp\/v2\/users\/1"}],"replies":[{"embeddable":true,"href":"https:\/\/www.hirvarit.fi\/teatteri\/wp-json\/wp\/v2\/comments?post=26"}],"version-history":[{"count":157,"href":"https:\/\/www.hirvarit.fi\/teatteri\/wp-json\/wp\/v2\/pages\/26\/revisions"}],"predecessor-version":[{"id":3381,"href":"https:\/\/www.hirvarit.fi\/teatteri\/wp-json\/wp\/v2\/pages\/26\/revisions\/3381"}],"wp:attachment":[{"href":"https:\/\/www.hirvarit.fi\/teatteri\/wp-json\/wp\/v2\/media?parent=26"}],"curies":[{"name":"wp","href":"https:\/\/api.w.org\/{rel}","templated":true}]}}