{"id":238,"date":"2015-02-19T17:23:31","date_gmt":"2015-02-19T17:23:31","guid":{"rendered":"http:\/\/www.hirvarit.fi\/teatteri\/?page_id=238"},"modified":"2020-05-11T14:23:40","modified_gmt":"2020-05-11T14:23:40","slug":"holmolaiset-2","status":"publish","type":"page","link":"https:\/\/www.hirvarit.fi\/teatteri\/hirvarit-2\/menneet-naytelmat-2\/holmolaiset-2\/","title":{"rendered":"H\u00f6lm\u00f6l\u00e4iset"},"content":{"rendered":"<h2>H\u00f6lm\u00f6l\u00e4iset<\/h2>\n<p>Kenties meiss\u00e4 jokaisessa asuu pieni h\u00f6lm\u00f6l\u00e4inen, joka haluaisi v\u00e4lill\u00e4 suhtautua el\u00e4m\u00e4\u00e4n v\u00e4h\u00e4n v\u00e4hemm\u00e4n viisaasti?<\/p>\n<p><strong>H\u00f6lm\u00f6l\u00e4iset<\/strong> on kertomus ihmisist\u00e4, jotka p\u00e4\u00e4st\u00e4v\u00e4t oman h\u00f6lm\u00f6l\u00e4isens\u00e4 valloilleen ja ratkaisevat arjen haasteet omalla erityisell\u00e4 tavallaan.<\/p>\n<p>Vastaperustetun, alle 13 -vuotiaille tarkoitetun Pikkuhirvarit -ryhm\u00e4n H\u00f6lm\u00f6l\u00e4iset-n\u00e4ytelm\u00e4\u00e4 esitettiin Hirvensalon nuorisotalo Moose&#8217;sissa 17.5.-24.5.2015. Kuudessa esityksess\u00e4 n\u00e4ytelm\u00e4n n\u00e4ki yhteens\u00e4 86 katsojaa.<\/p>\n<p><a href=\"http:\/\/www.hirvarit.fi\/teatteri\/wp-content\/uploads\/2015\/05\/H\u00f6lm\u00f6l\u00e4iset-Juliste-4-copy.jpg\"><img fetchpriority=\"high\" decoding=\"async\" class=\"alignnone size-large wp-image-449\" src=\"http:\/\/www.hirvarit.fi\/teatteri\/wp-content\/uploads\/2015\/05\/H\u00f6lm\u00f6l\u00e4iset-Juliste-4-copy-724x1024.jpg\" alt=\"H\u00f6lm\u00f6l\u00e4iset, Juliste 4 copy\" width=\"604\" height=\"854\" title=\"H\u00f6lm\u00f6l\u00e4iset\" srcset=\"https:\/\/www.hirvarit.fi\/teatteri\/wp-content\/uploads\/2015\/05\/H\u00f6lm\u00f6l\u00e4iset-Juliste-4-copy-724x1024.jpg 724w, https:\/\/www.hirvarit.fi\/teatteri\/wp-content\/uploads\/2015\/05\/H\u00f6lm\u00f6l\u00e4iset-Juliste-4-copy-212x300.jpg 212w\" sizes=\"(max-width: 604px) 100vw, 604px\" \/><\/a><\/p>\n<p>&nbsp;<\/p>\n","protected":false},"excerpt":{"rendered":"<p>H\u00f6lm\u00f6l\u00e4iset Kenties meiss\u00e4 jokaisessa asuu pieni h\u00f6lm\u00f6l\u00e4inen, joka haluaisi v\u00e4lill\u00e4 suhtautua el\u00e4m\u00e4\u00e4n v\u00e4h\u00e4n v\u00e4hemm\u00e4n viisaasti? H\u00f6lm\u00f6l\u00e4iset on kertomus ihmisist\u00e4, jotka p\u00e4\u00e4st\u00e4v\u00e4t oman h\u00f6lm\u00f6l\u00e4isens\u00e4 valloilleen ja ratkaisevat arjen haasteet omalla erityisell\u00e4 tavallaan. Vastaperustetun, alle 13 -vuotiaille tarkoitetun Pikkuhirvarit -ryhm\u00e4n H\u00f6lm\u00f6l\u00e4iset-n\u00e4ytelm\u00e4\u00e4 esitettiin<\/p>\n","protected":false},"author":1,"featured_media":0,"parent":440,"menu_order":0,"comment_status":"closed","ping_status":"closed","template":"","meta":{"footnotes":""},"class_list":["post-238","page","type-page","status-publish","hentry"],"_links":{"self":[{"href":"https:\/\/www.hirvarit.fi\/teatteri\/wp-json\/wp\/v2\/pages\/238","targetHints":{"allow":["GET"]}}],"collection":[{"href":"https:\/\/www.hirvarit.fi\/teatteri\/wp-json\/wp\/v2\/pages"}],"about":[{"href":"https:\/\/www.hirvarit.fi\/teatteri\/wp-json\/wp\/v2\/types\/page"}],"author":[{"embeddable":true,"href":"https:\/\/www.hirvarit.fi\/teatteri\/wp-json\/wp\/v2\/users\/1"}],"replies":[{"embeddable":true,"href":"https:\/\/www.hirvarit.fi\/teatteri\/wp-json\/wp\/v2\/comments?post=238"}],"version-history":[{"count":18,"href":"https:\/\/www.hirvarit.fi\/teatteri\/wp-json\/wp\/v2\/pages\/238\/revisions"}],"predecessor-version":[{"id":2311,"href":"https:\/\/www.hirvarit.fi\/teatteri\/wp-json\/wp\/v2\/pages\/238\/revisions\/2311"}],"up":[{"embeddable":true,"href":"https:\/\/www.hirvarit.fi\/teatteri\/wp-json\/wp\/v2\/pages\/440"}],"wp:attachment":[{"href":"https:\/\/www.hirvarit.fi\/teatteri\/wp-json\/wp\/v2\/media?parent=238"}],"curies":[{"name":"wp","href":"https:\/\/api.w.org\/{rel}","templated":true}]}}