{"id":2324,"date":"2020-05-12T09:51:21","date_gmt":"2020-05-12T09:51:21","guid":{"rendered":"http:\/\/www.hirvarit.fi\/teatteri\/?page_id=2324"},"modified":"2022-02-26T15:17:36","modified_gmt":"2022-02-26T15:17:36","slug":"petterin-posse","status":"publish","type":"page","link":"https:\/\/www.hirvarit.fi\/teatteri\/petterin-posse\/","title":{"rendered":"Petterin posse"},"content":{"rendered":"<p><a href=\"http:\/\/www.hirvarit.fi\/teatteri\/wp-content\/uploads\/2020\/05\/Petterin-posse-logo.jpg\"><img fetchpriority=\"high\" decoding=\"async\" class=\"alignnone wp-image-2272\" src=\"http:\/\/www.hirvarit.fi\/teatteri\/wp-content\/uploads\/2020\/05\/Petterin-posse-logo.jpg\" alt=\"Petterin Posse Logo\" width=\"453\" height=\"375\" title=\"Petterin posse\" srcset=\"https:\/\/www.hirvarit.fi\/teatteri\/wp-content\/uploads\/2020\/05\/Petterin-posse-logo.jpg 1484w, https:\/\/www.hirvarit.fi\/teatteri\/wp-content\/uploads\/2020\/05\/Petterin-posse-logo-300x248.jpg 300w, https:\/\/www.hirvarit.fi\/teatteri\/wp-content\/uploads\/2020\/05\/Petterin-posse-logo-768x636.jpg 768w, https:\/\/www.hirvarit.fi\/teatteri\/wp-content\/uploads\/2020\/05\/Petterin-posse-logo-1024x848.jpg 1024w\" sizes=\"(max-width: 453px) 100vw, 453px\" \/><\/a><\/p>\n<p>Korvatunturilla asustava Porolan perhe on ylpe\u00e4 pitk\u00e4st\u00e4 historiastaan joulupukin vetojuhtina. Aattoilta on l\u00e4hestym\u00e4ss\u00e4, joten \u00e4iti ja is\u00e4 Porola valmentavat poikaansa Petteri\u00e4 t\u00e4m\u00e4n ihka ensimm\u00e4iseen pestiin rekiporona. Fysiikka-, mentaali- ja ruokavaliovalmennus ei kuitenkaan ota onnistuakseen, sill\u00e4 rekihommia enemm\u00e4n Petteri\u00e4 kiinnostaa salapoliisikerho POSSE, jonka h\u00e4n on perustanut yst\u00e4viens\u00e4 Suvi-Suden ja Ilona-Ilveksen kanssa.<\/p>\n<p>Muut porot eiv\u00e4t katso hyv\u00e4ll\u00e4 petoel\u00e4inten kanssa veljeily\u00e4, mutta pian koko Korvatunturi saa muuta koohkattavaa, kun joulupukin elint\u00e4rke\u00e4 lahjalista katoaa mystisesti, ja rikospaikalta l\u00f6ytyv\u00e4t j\u00e4ljet viittavaat varkaaseen, jolla on sorkat&#8230;<\/p>\n<p>POSSE alkaa selvitt\u00e4\u00e4 arvoitusta, ja poropoliisin k\u00e4sikirjasta otetaan k\u00e4ytt\u00f6\u00f6n kaikki mahdolliset etsiv\u00e4ty\u00f6n keinot naamioitumisesta poromobiiliin. My\u00f6s lapsikatsojien apua tarvitaan, sill\u00e4 lahjalista tuntuu katoavan koko ajan uudestaan ja ep\u00e4iltyj\u00e4kin alkaa olla useampia.<\/p>\n<p>PETTERIN POSSE on n. 30 minuutin mittainen, vauhdikas ja hauska pienoiskomedia, joka sopii mainiosti esim. koko perheen pikkujoulujuhlien ohjelmaksi. N\u00e4ytelm\u00e4 tuo iloisen lis\u00e4n joulun odotuksen juhliin, illalla tai p\u00e4iv\u00e4ll\u00e4, isolle tai pienelle joukolle,\u00a0 laadusta tinkim\u00e4tt\u00e4! Esitys mahtuu pieneenkin tilaan, eik\u00e4 vaadi paikalta mit\u00e4\u00e4n erityisj\u00e4rjestelyit\u00e4, s\u00e4hk\u00f6pistoke riitt\u00e4\u00e4!<\/p>\n<p>N\u00e4ytelm\u00e4n on k\u00e4sikirjoittanut ja ohjannut Hirvensalon Nuorisoteatterin v\u00e4istyv\u00e4 johtaja Minna-Stiina Saaristo-Vellinki, ja sen esiintyjin\u00e4 toimivat Hirvareiden vanhimmat ja kokeneimmat nuorisoj\u00e4senet. PETTERIN POSSE keikkaili 28.11.-22.12.2021.<\/p>\n","protected":false},"excerpt":{"rendered":"<p>Korvatunturilla asustava Porolan perhe on ylpe\u00e4 pitk\u00e4st\u00e4 historiastaan joulupukin vetojuhtina. Aattoilta on l\u00e4hestym\u00e4ss\u00e4, joten \u00e4iti ja is\u00e4 Porola valmentavat poikaansa Petteri\u00e4 t\u00e4m\u00e4n ihka ensimm\u00e4iseen pestiin rekiporona. Fysiikka-, mentaali- ja ruokavaliovalmennus ei kuitenkaan ota onnistuakseen, sill\u00e4 rekihommia enemm\u00e4n Petteri\u00e4 kiinnostaa salapoliisikerho<\/p>\n","protected":false},"author":1,"featured_media":0,"parent":0,"menu_order":0,"comment_status":"closed","ping_status":"closed","template":"","meta":{"footnotes":""},"class_list":["post-2324","page","type-page","status-publish","hentry"],"_links":{"self":[{"href":"https:\/\/www.hirvarit.fi\/teatteri\/wp-json\/wp\/v2\/pages\/2324","targetHints":{"allow":["GET"]}}],"collection":[{"href":"https:\/\/www.hirvarit.fi\/teatteri\/wp-json\/wp\/v2\/pages"}],"about":[{"href":"https:\/\/www.hirvarit.fi\/teatteri\/wp-json\/wp\/v2\/types\/page"}],"author":[{"embeddable":true,"href":"https:\/\/www.hirvarit.fi\/teatteri\/wp-json\/wp\/v2\/users\/1"}],"replies":[{"embeddable":true,"href":"https:\/\/www.hirvarit.fi\/teatteri\/wp-json\/wp\/v2\/comments?post=2324"}],"version-history":[{"count":14,"href":"https:\/\/www.hirvarit.fi\/teatteri\/wp-json\/wp\/v2\/pages\/2324\/revisions"}],"predecessor-version":[{"id":3008,"href":"https:\/\/www.hirvarit.fi\/teatteri\/wp-json\/wp\/v2\/pages\/2324\/revisions\/3008"}],"wp:attachment":[{"href":"https:\/\/www.hirvarit.fi\/teatteri\/wp-json\/wp\/v2\/media?parent=2324"}],"curies":[{"name":"wp","href":"https:\/\/api.w.org\/{rel}","templated":true}]}}