{"id":1964,"date":"2019-08-26T17:04:21","date_gmt":"2019-08-26T17:04:21","guid":{"rendered":"http:\/\/www.hirvarit.fi\/teatteri\/?page_id=1964"},"modified":"2019-08-27T06:02:33","modified_gmt":"2019-08-27T06:02:33","slug":"tonttujen-lauluparaati","status":"publish","type":"page","link":"https:\/\/www.hirvarit.fi\/teatteri\/tonttujen-lauluparaati\/","title":{"rendered":"Tonttujen lauluparaati"},"content":{"rendered":"<p><a href=\"http:\/\/www.hirvarit.fi\/teatteri\/wp-content\/uploads\/2019\/08\/Lauluparaati-logo-copy.jpg\"><img fetchpriority=\"high\" decoding=\"async\" class=\"alignnone wp-image-1959\" src=\"http:\/\/www.hirvarit.fi\/teatteri\/wp-content\/uploads\/2019\/08\/Lauluparaati-logo-copy.jpg\" alt=\"Lauluparaati Logo Copy\" width=\"723\" height=\"355\" title=\"Tonttujen lauluparaati\" srcset=\"https:\/\/www.hirvarit.fi\/teatteri\/wp-content\/uploads\/2019\/08\/Lauluparaati-logo-copy.jpg 1500w, https:\/\/www.hirvarit.fi\/teatteri\/wp-content\/uploads\/2019\/08\/Lauluparaati-logo-copy-300x147.jpg 300w, https:\/\/www.hirvarit.fi\/teatteri\/wp-content\/uploads\/2019\/08\/Lauluparaati-logo-copy-768x377.jpg 768w, https:\/\/www.hirvarit.fi\/teatteri\/wp-content\/uploads\/2019\/08\/Lauluparaati-logo-copy-1024x502.jpg 1024w\" sizes=\"(max-width: 723px) 100vw, 723px\" \/><\/a><\/p>\n<p>Tarinallinen laulukavalkadi iloisimpia ja kauneimpia joululauluja 5 -henkisen tonttujoukon esitt\u00e4m\u00e4n\u00e4. Lauluesitys mahtuu pieneenkin tilaan, eik\u00e4 vaadi esityspaikaltaan mit\u00e4\u00e4n erityst\u00e4. \u00a0Sopii mainiosti esim. yrityksen jouluiseksi tervehdykseksi ty\u00f6ntekij\u00f6illeen \/ asiakkailleen, tai vaikka palvelutalon puurojuhlien ohjelmanumeroksi.<\/p>\n<p>Esitys on tilattavissa keikoille 14.11.2019 alkaen.<\/p>\n<p>Laulujen harjoituttaminen ja ilmaisullisen kokonaisuuden ohjaus: Minna-Stiina Saaristo-Vellinki<br \/>\nKesto: n. 25 min., voidaan jakaa my\u00f6s useampiin osioihin, muun ohjelman lomaan.<\/p>\n<p>KEIKKAHINNASTO:<\/p>\n<ul>\n<li>Esityksen hinta \/ Yritykset: 180 \u20ac (Alv 0%)<\/li>\n<li>Esityksen hinta \/ Yleishy\u00f6dylliset yhdistykset ja esim. vanhainkodit: 150 \u20ac (Alv 0%)<\/li>\n<li>Kaksi lauluesityst\u00e4 esim. 2 tunnin aikana, yht. 250 \u20ac (Alv 0%)<\/li>\n<li>Keikkapaikka max. 15 km s\u00e4teell\u00e4 Turun keskustasta; Ei km-lis\u00e4\u00e4<\/li>\n<li>Keikkapaikka max. 30 km s\u00e4teell\u00e4 Turun keskustasta; Km-lis\u00e4 30 \u20ac<\/li>\n<li>Keikkapaikka max. 50 km s\u00e4teell\u00e4 Turun keskustasta; Km-lis\u00e4 50 \u20ac<\/li>\n<\/ul>\n<p>TILAUKSET JA TIEDUSTELUT:<br \/>\n<a href=\"mailto:teatteri@hirvarit.fi\">teatteri@hirvarit.fi<\/a><br \/>\n045 \u2013 613 57 83<\/p>\n<p>&nbsp;<\/p>\n","protected":false},"excerpt":{"rendered":"<p>Tarinallinen laulukavalkadi iloisimpia ja kauneimpia joululauluja 5 -henkisen tonttujoukon esitt\u00e4m\u00e4n\u00e4. Lauluesitys mahtuu pieneenkin tilaan, eik\u00e4 vaadi esityspaikaltaan mit\u00e4\u00e4n erityst\u00e4. \u00a0Sopii mainiosti esim. yrityksen jouluiseksi tervehdykseksi ty\u00f6ntekij\u00f6illeen \/ asiakkailleen, tai vaikka palvelutalon puurojuhlien ohjelmanumeroksi. Esitys on tilattavissa keikoille 14.11.2019 alkaen. Laulujen<\/p>\n","protected":false},"author":1,"featured_media":0,"parent":0,"menu_order":0,"comment_status":"closed","ping_status":"closed","template":"","meta":{"footnotes":""},"class_list":["post-1964","page","type-page","status-publish","hentry"],"_links":{"self":[{"href":"https:\/\/www.hirvarit.fi\/teatteri\/wp-json\/wp\/v2\/pages\/1964","targetHints":{"allow":["GET"]}}],"collection":[{"href":"https:\/\/www.hirvarit.fi\/teatteri\/wp-json\/wp\/v2\/pages"}],"about":[{"href":"https:\/\/www.hirvarit.fi\/teatteri\/wp-json\/wp\/v2\/types\/page"}],"author":[{"embeddable":true,"href":"https:\/\/www.hirvarit.fi\/teatteri\/wp-json\/wp\/v2\/users\/1"}],"replies":[{"embeddable":true,"href":"https:\/\/www.hirvarit.fi\/teatteri\/wp-json\/wp\/v2\/comments?post=1964"}],"version-history":[{"count":3,"href":"https:\/\/www.hirvarit.fi\/teatteri\/wp-json\/wp\/v2\/pages\/1964\/revisions"}],"predecessor-version":[{"id":1971,"href":"https:\/\/www.hirvarit.fi\/teatteri\/wp-json\/wp\/v2\/pages\/1964\/revisions\/1971"}],"wp:attachment":[{"href":"https:\/\/www.hirvarit.fi\/teatteri\/wp-json\/wp\/v2\/media?parent=1964"}],"curies":[{"name":"wp","href":"https:\/\/api.w.org\/{rel}","templated":true}]}}