{"id":1950,"date":"2019-08-22T11:06:11","date_gmt":"2019-08-22T11:06:11","guid":{"rendered":"http:\/\/www.hirvarit.fi\/teatteri\/?page_id=1950"},"modified":"2021-06-11T11:04:11","modified_gmt":"2021-06-11T11:04:11","slug":"haluatko-joulupukiksi","status":"publish","type":"page","link":"https:\/\/www.hirvarit.fi\/teatteri\/haluatko-joulupukiksi\/","title":{"rendered":"Haluatko joulupukiksi?"},"content":{"rendered":"<p><a href=\"http:\/\/www.hirvarit.fi\/teatteri\/wp-content\/uploads\/2019\/08\/Haluatko-joulupukiksi-logo-copy.jpg\"><img fetchpriority=\"high\" decoding=\"async\" class=\"alignnone wp-image-1946\" src=\"http:\/\/www.hirvarit.fi\/teatteri\/wp-content\/uploads\/2019\/08\/Haluatko-joulupukiksi-logo-copy.jpg\" alt=\"Haluatko Joulupukiksi Logo Copy\" width=\"399\" height=\"238\" title=\"Haluatko joulupukiksi?\" srcset=\"https:\/\/www.hirvarit.fi\/teatteri\/wp-content\/uploads\/2019\/08\/Haluatko-joulupukiksi-logo-copy.jpg 1500w, https:\/\/www.hirvarit.fi\/teatteri\/wp-content\/uploads\/2019\/08\/Haluatko-joulupukiksi-logo-copy-300x179.jpg 300w, https:\/\/www.hirvarit.fi\/teatteri\/wp-content\/uploads\/2019\/08\/Haluatko-joulupukiksi-logo-copy-768x458.jpg 768w, https:\/\/www.hirvarit.fi\/teatteri\/wp-content\/uploads\/2019\/08\/Haluatko-joulupukiksi-logo-copy-1024x611.jpg 1024w\" sizes=\"(max-width: 399px) 100vw, 399px\" \/><\/a><\/p>\n<p>KORVATUNTURILLA ON H\u00c4T\u00c4ILA: Joulu on jo ovella, mutta pukki vain nukkuu!<\/p>\n<p>Tomera tonttujoukko, Tarja, Tele, Turbo, Terttu ja Tuoli, valmistautuu jouluaaton kiireisiin. Pian kuitenkin selvi\u00e4\u00e4, ettei joulupukki suostu lainkaan her\u00e4\u00e4m\u00e4\u00e4n p\u00e4iv\u00e4uniltaan. Mik\u00e4 nyt neuvoksi; Lahjat pit\u00e4isi saada lapsille ja pukki on poissa pelist\u00e4? Ennen kuin joulu on pelastettu, joutuu tonttuviisikko mm. j\u00e4rjest\u00e4m\u00e4\u00e4n kykykilpailun, k\u00e4ytt\u00e4m\u00e4\u00e4n aikakonetta ja pelastamaan reen kyydist\u00e4 pudonneen Terttu-tontun. Esityksen aikana my\u00f6s lapset p\u00e4\u00e4sev\u00e4t hauskalla tavalla osaksi pelastusoperaatiota. Mutta mihin ihmeeseen tarvitaankaan lattiamoppia ja fluoritabletteja?<\/p>\n<p><a href=\"http:\/\/www.hirvarit.fi\/teatteri\/wp-content\/uploads\/2019\/11\/Haluatko-joulupukiksi-kuva-2.jpg\"><img decoding=\"async\" class=\"alignnone  wp-image-2128\" src=\"http:\/\/www.hirvarit.fi\/teatteri\/wp-content\/uploads\/2019\/11\/Haluatko-joulupukiksi-kuva-2.jpg\" alt=\"Haluatko Joulupukiksi Kuva 2\" width=\"634\" height=\"559\" title=\"Haluatko joulupukiksi?\" srcset=\"https:\/\/www.hirvarit.fi\/teatteri\/wp-content\/uploads\/2019\/11\/Haluatko-joulupukiksi-kuva-2.jpg 1020w, https:\/\/www.hirvarit.fi\/teatteri\/wp-content\/uploads\/2019\/11\/Haluatko-joulupukiksi-kuva-2-300x264.jpg 300w, https:\/\/www.hirvarit.fi\/teatteri\/wp-content\/uploads\/2019\/11\/Haluatko-joulupukiksi-kuva-2-768x677.jpg 768w\" sizes=\"(max-width: 634px) 100vw, 634px\" \/><\/a><\/p>\n<p>HALUATKO JOULUPUKIKSI? -tonttujoukko yl\u00e4riviss\u00e4 vasemmalta: Tarja-tonttu (Anni Latvala), Turbo-tonttu (Fiona Vaissi) ja Terttu-tonttu (Kaisa Olsoni). Eturiviss\u00e4 vasemmalta: Tele-tonttu (Lilja Vellinki) ja Tuoli-tonttu (Emma Sillanm\u00e4ki)<\/p>\n<p>N. puolituntinen, keikkailutarkoituksiin valmistettu pienoisn\u00e4ytelm\u00e4 oli Valmennusryhm\u00e4 II:n kurssin lopputy\u00f6, jonka k\u00e4sikirjoitti ja ohjasi kurssin vet\u00e4j\u00e4, MInna-Stiina Saaristo-Vellinki. Joulukuussa 2019 esitys n\u00e4htiin mm. Luolavuoren koulun joulujuhlissa, muutaman omakotiyhdistyksen tilaisuuksissa, Lounais-Suomen Sy\u00f6p\u00e4yhdistyksen puurojuhlassa, sek\u00e4 Syv\u00e4lahden p\u00e4iv\u00e4kotilasten riemuksi my\u00f6s teatterin kotikent\u00e4ll\u00e4 Syv\u00e4lahden monitoimitalossa.<\/p>\n<p>&nbsp;<\/p>\n<p>&nbsp;<\/p>\n","protected":false},"excerpt":{"rendered":"<p>KORVATUNTURILLA ON H\u00c4T\u00c4ILA: Joulu on jo ovella, mutta pukki vain nukkuu! Tomera tonttujoukko, Tarja, Tele, Turbo, Terttu ja Tuoli, valmistautuu jouluaaton kiireisiin. Pian kuitenkin selvi\u00e4\u00e4, ettei joulupukki suostu lainkaan her\u00e4\u00e4m\u00e4\u00e4n p\u00e4iv\u00e4uniltaan. Mik\u00e4 nyt neuvoksi; Lahjat pit\u00e4isi saada lapsille ja pukki<\/p>\n","protected":false},"author":1,"featured_media":0,"parent":0,"menu_order":0,"comment_status":"closed","ping_status":"closed","template":"","meta":{"footnotes":""},"class_list":["post-1950","page","type-page","status-publish","hentry"],"_links":{"self":[{"href":"https:\/\/www.hirvarit.fi\/teatteri\/wp-json\/wp\/v2\/pages\/1950","targetHints":{"allow":["GET"]}}],"collection":[{"href":"https:\/\/www.hirvarit.fi\/teatteri\/wp-json\/wp\/v2\/pages"}],"about":[{"href":"https:\/\/www.hirvarit.fi\/teatteri\/wp-json\/wp\/v2\/types\/page"}],"author":[{"embeddable":true,"href":"https:\/\/www.hirvarit.fi\/teatteri\/wp-json\/wp\/v2\/users\/1"}],"replies":[{"embeddable":true,"href":"https:\/\/www.hirvarit.fi\/teatteri\/wp-json\/wp\/v2\/comments?post=1950"}],"version-history":[{"count":6,"href":"https:\/\/www.hirvarit.fi\/teatteri\/wp-json\/wp\/v2\/pages\/1950\/revisions"}],"predecessor-version":[{"id":2729,"href":"https:\/\/www.hirvarit.fi\/teatteri\/wp-json\/wp\/v2\/pages\/1950\/revisions\/2729"}],"wp:attachment":[{"href":"https:\/\/www.hirvarit.fi\/teatteri\/wp-json\/wp\/v2\/media?parent=1950"}],"curies":[{"name":"wp","href":"https:\/\/api.w.org\/{rel}","templated":true}]}}