{"id":1885,"date":"2019-04-23T06:36:13","date_gmt":"2019-04-23T06:36:13","guid":{"rendered":"http:\/\/www.hirvarit.fi\/teatteri\/?page_id=1885"},"modified":"2019-04-23T06:42:38","modified_gmt":"2019-04-23T06:42:38","slug":"puuhiset-valokuvia","status":"publish","type":"page","link":"https:\/\/www.hirvarit.fi\/teatteri\/puuhiset-valokuvia\/","title":{"rendered":"Puuhiset \/ Valokuvia"},"content":{"rendered":"<h2><span style=\"color: #00ccff;\">PUUHISET \/ Lehdist\u00f6kuvia<br \/>\n<\/span>Kuvat: Mika Nurmi Photography<\/h2>\n<figure id=\"attachment_1873\" aria-describedby=\"caption-attachment-1873\" style=\"width: 393px\" class=\"wp-caption alignnone\"><a href=\"http:\/\/www.hirvarit.fi\/teatteri\/wp-content\/uploads\/2019\/04\/puuhiset_.jpg\"><img fetchpriority=\"high\" decoding=\"async\" class=\" wp-image-1873\" src=\"http:\/\/www.hirvarit.fi\/teatteri\/wp-content\/uploads\/2019\/04\/puuhiset_.jpg\" alt=\"Puuhiset\" width=\"393\" height=\"590\" title=\"Puuhiset \/ Valokuvia\" srcset=\"https:\/\/www.hirvarit.fi\/teatteri\/wp-content\/uploads\/2019\/04\/puuhiset_.jpg 1000w, https:\/\/www.hirvarit.fi\/teatteri\/wp-content\/uploads\/2019\/04\/puuhiset_-200x300.jpg 200w, https:\/\/www.hirvarit.fi\/teatteri\/wp-content\/uploads\/2019\/04\/puuhiset_-768x1152.jpg 768w, https:\/\/www.hirvarit.fi\/teatteri\/wp-content\/uploads\/2019\/04\/puuhiset_-683x1024.jpg 683w\" sizes=\"(max-width: 393px) 100vw, 393px\" \/><\/a><figcaption id=\"caption-attachment-1873\" class=\"wp-caption-text\">Plintti Puuhinen (Eino Pohjavirta)<\/figcaption><\/figure>\n<p>&nbsp;<\/p>\n<figure id=\"attachment_1874\" aria-describedby=\"caption-attachment-1874\" style=\"width: 391px\" class=\"wp-caption alignnone\"><a href=\"http:\/\/www.hirvarit.fi\/teatteri\/wp-content\/uploads\/2019\/04\/puuhiset_-5.jpg\"><img decoding=\"async\" class=\" wp-image-1874\" src=\"http:\/\/www.hirvarit.fi\/teatteri\/wp-content\/uploads\/2019\/04\/puuhiset_-5.jpg\" alt=\"Puuhiset 5\" width=\"391\" height=\"587\" title=\"Puuhiset \/ Valokuvia\" srcset=\"https:\/\/www.hirvarit.fi\/teatteri\/wp-content\/uploads\/2019\/04\/puuhiset_-5.jpg 1000w, https:\/\/www.hirvarit.fi\/teatteri\/wp-content\/uploads\/2019\/04\/puuhiset_-5-200x300.jpg 200w, https:\/\/www.hirvarit.fi\/teatteri\/wp-content\/uploads\/2019\/04\/puuhiset_-5-768x1152.jpg 768w, https:\/\/www.hirvarit.fi\/teatteri\/wp-content\/uploads\/2019\/04\/puuhiset_-5-683x1024.jpg 683w\" sizes=\"(max-width: 391px) 100vw, 391px\" \/><\/a><figcaption id=\"caption-attachment-1874\" class=\"wp-caption-text\">Prinsessa Suhusiina Yyli\u00f6 (Siiri Kanninen) ja Plintti Puuhinen (Eino Pohjavirta)<\/figcaption><\/figure>\n<figure id=\"attachment_1884\" aria-describedby=\"caption-attachment-1884\" style=\"width: 611px\" class=\"wp-caption alignnone\"><a href=\"http:\/\/www.hirvarit.fi\/teatteri\/wp-content\/uploads\/2019\/04\/puuhiset_-29.jpg\"><img decoding=\"async\" class=\" wp-image-1884\" src=\"http:\/\/www.hirvarit.fi\/teatteri\/wp-content\/uploads\/2019\/04\/puuhiset_-29.jpg\" alt=\"Puuhiset 29\" width=\"611\" height=\"407\" title=\"Puuhiset \/ Valokuvia\" srcset=\"https:\/\/www.hirvarit.fi\/teatteri\/wp-content\/uploads\/2019\/04\/puuhiset_-29.jpg 1500w, https:\/\/www.hirvarit.fi\/teatteri\/wp-content\/uploads\/2019\/04\/puuhiset_-29-300x200.jpg 300w, https:\/\/www.hirvarit.fi\/teatteri\/wp-content\/uploads\/2019\/04\/puuhiset_-29-768x512.jpg 768w, https:\/\/www.hirvarit.fi\/teatteri\/wp-content\/uploads\/2019\/04\/puuhiset_-29-1024x683.jpg 1024w\" sizes=\"(max-width: 611px) 100vw, 611px\" \/><\/a><figcaption id=\"caption-attachment-1884\" class=\"wp-caption-text\">Vas. Kuningatar \u00c4kkiv\u00e4\u00e4r\u00e4 III (Ella Lehtinen) ja M\u00e4ntypuuhisia (vas. Marikki Syrj\u00e4nen, Mimosa Talvitie, Sisu J\u00e4ms\u00e4 ja Viljo Kiukkonen)<\/figcaption><\/figure>\n<figure id=\"attachment_1883\" aria-describedby=\"caption-attachment-1883\" style=\"width: 617px\" class=\"wp-caption alignnone\"><a href=\"http:\/\/www.hirvarit.fi\/teatteri\/wp-content\/uploads\/2019\/04\/puuhiset_-34.jpg\"><img loading=\"lazy\" decoding=\"async\" class=\" wp-image-1883\" src=\"http:\/\/www.hirvarit.fi\/teatteri\/wp-content\/uploads\/2019\/04\/puuhiset_-34.jpg\" alt=\"Puuhiset 34\" width=\"617\" height=\"411\" title=\"Puuhiset \/ Valokuvia\" srcset=\"https:\/\/www.hirvarit.fi\/teatteri\/wp-content\/uploads\/2019\/04\/puuhiset_-34.jpg 1500w, https:\/\/www.hirvarit.fi\/teatteri\/wp-content\/uploads\/2019\/04\/puuhiset_-34-300x200.jpg 300w, https:\/\/www.hirvarit.fi\/teatteri\/wp-content\/uploads\/2019\/04\/puuhiset_-34-768x512.jpg 768w, https:\/\/www.hirvarit.fi\/teatteri\/wp-content\/uploads\/2019\/04\/puuhiset_-34-1024x683.jpg 1024w\" sizes=\"(max-width: 617px) 100vw, 617px\" \/><\/a><figcaption id=\"caption-attachment-1883\" class=\"wp-caption-text\">Vas. Vilja (Hilla Kumara), Viljan varjo (Pinja Vellinki), Viljon varjo (Sisu J\u00e4ms\u00e4), ja Viljo (Joska Purhonen)<\/figcaption><\/figure>\n<figure id=\"attachment_1882\" aria-describedby=\"caption-attachment-1882\" style=\"width: 620px\" class=\"wp-caption alignnone\"><a href=\"http:\/\/www.hirvarit.fi\/teatteri\/wp-content\/uploads\/2019\/04\/puuhiset_-31.jpg\"><img loading=\"lazy\" decoding=\"async\" class=\" wp-image-1882\" src=\"http:\/\/www.hirvarit.fi\/teatteri\/wp-content\/uploads\/2019\/04\/puuhiset_-31.jpg\" alt=\"Puuhiset 31\" width=\"620\" height=\"413\" title=\"Puuhiset \/ Valokuvia\" srcset=\"https:\/\/www.hirvarit.fi\/teatteri\/wp-content\/uploads\/2019\/04\/puuhiset_-31.jpg 1500w, https:\/\/www.hirvarit.fi\/teatteri\/wp-content\/uploads\/2019\/04\/puuhiset_-31-300x200.jpg 300w, https:\/\/www.hirvarit.fi\/teatteri\/wp-content\/uploads\/2019\/04\/puuhiset_-31-768x512.jpg 768w, https:\/\/www.hirvarit.fi\/teatteri\/wp-content\/uploads\/2019\/04\/puuhiset_-31-1024x683.jpg 1024w\" sizes=\"(max-width: 620px) 100vw, 620px\" \/><\/a><figcaption id=\"caption-attachment-1882\" class=\"wp-caption-text\">Edess\u00e4 vas. &#8220;Ilta-Vaahteran&#8221; toimittaja (Hilja Vuorio), Plintti (Eino Pohjavirta), Poliisip\u00e4\u00e4llikk\u00f6 (Randa Markula) ja Tomera (Pinja Vellniki), takana vas. P\u00f6l\u00f6 Puuhinen (Saima Ahonen) ja T\u00e4ti T\u00f6pp\u00f6nen (Helmi Varjola)<\/figcaption><\/figure>\n<figure id=\"attachment_1881\" aria-describedby=\"caption-attachment-1881\" style=\"width: 629px\" class=\"wp-caption alignnone\"><a href=\"http:\/\/www.hirvarit.fi\/teatteri\/wp-content\/uploads\/2019\/04\/puuhiset_-30.jpg\"><img loading=\"lazy\" decoding=\"async\" class=\" wp-image-1881\" src=\"http:\/\/www.hirvarit.fi\/teatteri\/wp-content\/uploads\/2019\/04\/puuhiset_-30.jpg\" alt=\"Puuhiset 30\" width=\"629\" height=\"419\" title=\"Puuhiset \/ Valokuvia\" srcset=\"https:\/\/www.hirvarit.fi\/teatteri\/wp-content\/uploads\/2019\/04\/puuhiset_-30.jpg 1500w, https:\/\/www.hirvarit.fi\/teatteri\/wp-content\/uploads\/2019\/04\/puuhiset_-30-300x200.jpg 300w, https:\/\/www.hirvarit.fi\/teatteri\/wp-content\/uploads\/2019\/04\/puuhiset_-30-768x512.jpg 768w, https:\/\/www.hirvarit.fi\/teatteri\/wp-content\/uploads\/2019\/04\/puuhiset_-30-1024x683.jpg 1024w\" sizes=\"(max-width: 629px) 100vw, 629px\" \/><\/a><figcaption id=\"caption-attachment-1881\" class=\"wp-caption-text\">&#8220;Ilta-Vaahteran&#8221; toimittaja (Hilja Vuorio)<\/figcaption><\/figure>\n<figure id=\"attachment_1880\" aria-describedby=\"caption-attachment-1880\" style=\"width: 438px\" class=\"wp-caption alignnone\"><a href=\"http:\/\/www.hirvarit.fi\/teatteri\/wp-content\/uploads\/2019\/04\/puuhiset_-25.jpg\"><img loading=\"lazy\" decoding=\"async\" class=\" wp-image-1880\" src=\"http:\/\/www.hirvarit.fi\/teatteri\/wp-content\/uploads\/2019\/04\/puuhiset_-25.jpg\" alt=\"Puuhiset 25\" width=\"438\" height=\"657\" title=\"Puuhiset \/ Valokuvia\" srcset=\"https:\/\/www.hirvarit.fi\/teatteri\/wp-content\/uploads\/2019\/04\/puuhiset_-25.jpg 1000w, https:\/\/www.hirvarit.fi\/teatteri\/wp-content\/uploads\/2019\/04\/puuhiset_-25-200x300.jpg 200w, https:\/\/www.hirvarit.fi\/teatteri\/wp-content\/uploads\/2019\/04\/puuhiset_-25-768x1152.jpg 768w, https:\/\/www.hirvarit.fi\/teatteri\/wp-content\/uploads\/2019\/04\/puuhiset_-25-683x1024.jpg 683w\" sizes=\"(max-width: 438px) 100vw, 438px\" \/><\/a><figcaption id=\"caption-attachment-1880\" class=\"wp-caption-text\">Edess\u00e4 Poliisip\u00e4\u00e4llikk\u00f6 (Randa Markula), takana vas. Tomera (Pinja Vellinki), T\u00e4ti T\u00f6pp\u00f6nen (Helmi Varjola), P\u00f6l\u00f6 Puuhinen (Saima Ahonen), Herra Yyli\u00f6 (Minja Hannuksela)<\/figcaption><\/figure>\n<figure id=\"attachment_1879\" aria-describedby=\"caption-attachment-1879\" style=\"width: 704px\" class=\"wp-caption alignnone\"><a href=\"http:\/\/www.hirvarit.fi\/teatteri\/wp-content\/uploads\/2019\/04\/puuhiset_-23.jpg\"><img loading=\"lazy\" decoding=\"async\" class=\" wp-image-1879\" src=\"http:\/\/www.hirvarit.fi\/teatteri\/wp-content\/uploads\/2019\/04\/puuhiset_-23.jpg\" alt=\"Puuhiset 23\" width=\"704\" height=\"469\" title=\"Puuhiset \/ Valokuvia\" srcset=\"https:\/\/www.hirvarit.fi\/teatteri\/wp-content\/uploads\/2019\/04\/puuhiset_-23.jpg 1500w, https:\/\/www.hirvarit.fi\/teatteri\/wp-content\/uploads\/2019\/04\/puuhiset_-23-300x200.jpg 300w, https:\/\/www.hirvarit.fi\/teatteri\/wp-content\/uploads\/2019\/04\/puuhiset_-23-768x512.jpg 768w, https:\/\/www.hirvarit.fi\/teatteri\/wp-content\/uploads\/2019\/04\/puuhiset_-23-1024x683.jpg 1024w\" sizes=\"(max-width: 704px) 100vw, 704px\" \/><\/a><figcaption id=\"caption-attachment-1879\" class=\"wp-caption-text\">Vas. Plintti Puuhinen (Eino Pohjavirta), Kuningas Puhofilus IV (Hertta Rajala), Vilja (Hilla Kumara)<\/figcaption><\/figure>\n<figure id=\"attachment_1878\" aria-describedby=\"caption-attachment-1878\" style=\"width: 701px\" class=\"wp-caption alignnone\"><a href=\"http:\/\/www.hirvarit.fi\/teatteri\/wp-content\/uploads\/2019\/04\/puuhiset_-16.jpg\"><img loading=\"lazy\" decoding=\"async\" class=\" wp-image-1878\" src=\"http:\/\/www.hirvarit.fi\/teatteri\/wp-content\/uploads\/2019\/04\/puuhiset_-16.jpg\" alt=\"Puuhiset 16\" width=\"701\" height=\"467\" title=\"Puuhiset \/ Valokuvia\" srcset=\"https:\/\/www.hirvarit.fi\/teatteri\/wp-content\/uploads\/2019\/04\/puuhiset_-16.jpg 1500w, https:\/\/www.hirvarit.fi\/teatteri\/wp-content\/uploads\/2019\/04\/puuhiset_-16-300x200.jpg 300w, https:\/\/www.hirvarit.fi\/teatteri\/wp-content\/uploads\/2019\/04\/puuhiset_-16-768x512.jpg 768w, https:\/\/www.hirvarit.fi\/teatteri\/wp-content\/uploads\/2019\/04\/puuhiset_-16-1024x683.jpg 1024w\" sizes=\"(max-width: 701px) 100vw, 701px\" \/><\/a><figcaption id=\"caption-attachment-1878\" class=\"wp-caption-text\">Tomera Puuhinen (Pinja Vellinki) ja Vilja (Hilla Kumara)<\/figcaption><\/figure>\n<figure id=\"attachment_1877\" aria-describedby=\"caption-attachment-1877\" style=\"width: 421px\" class=\"wp-caption alignnone\"><a href=\"http:\/\/www.hirvarit.fi\/teatteri\/wp-content\/uploads\/2019\/04\/puuhiset_-15.jpg\"><img loading=\"lazy\" decoding=\"async\" class=\" wp-image-1877\" src=\"http:\/\/www.hirvarit.fi\/teatteri\/wp-content\/uploads\/2019\/04\/puuhiset_-15.jpg\" alt=\"Puuhiset 15\" width=\"421\" height=\"632\" title=\"Puuhiset \/ Valokuvia\" srcset=\"https:\/\/www.hirvarit.fi\/teatteri\/wp-content\/uploads\/2019\/04\/puuhiset_-15.jpg 1000w, https:\/\/www.hirvarit.fi\/teatteri\/wp-content\/uploads\/2019\/04\/puuhiset_-15-200x300.jpg 200w, https:\/\/www.hirvarit.fi\/teatteri\/wp-content\/uploads\/2019\/04\/puuhiset_-15-768x1152.jpg 768w, https:\/\/www.hirvarit.fi\/teatteri\/wp-content\/uploads\/2019\/04\/puuhiset_-15-683x1024.jpg 683w\" sizes=\"(max-width: 421px) 100vw, 421px\" \/><\/a><figcaption id=\"caption-attachment-1877\" class=\"wp-caption-text\">Prinsessa Suhusiina Yyli\u00f6 (Siiri Kanninen) ja Herra Yyli\u00f6 (Minja Hannuksela)<\/figcaption><\/figure>\n<figure id=\"attachment_1876\" aria-describedby=\"caption-attachment-1876\" style=\"width: 678px\" class=\"wp-caption alignnone\"><a href=\"http:\/\/www.hirvarit.fi\/teatteri\/wp-content\/uploads\/2019\/04\/puuhiset_-11.jpg\"><img loading=\"lazy\" decoding=\"async\" class=\" wp-image-1876\" src=\"http:\/\/www.hirvarit.fi\/teatteri\/wp-content\/uploads\/2019\/04\/puuhiset_-11.jpg\" alt=\"Puuhiset 11\" width=\"678\" height=\"452\" title=\"Puuhiset \/ Valokuvia\" srcset=\"https:\/\/www.hirvarit.fi\/teatteri\/wp-content\/uploads\/2019\/04\/puuhiset_-11.jpg 1500w, https:\/\/www.hirvarit.fi\/teatteri\/wp-content\/uploads\/2019\/04\/puuhiset_-11-300x200.jpg 300w, https:\/\/www.hirvarit.fi\/teatteri\/wp-content\/uploads\/2019\/04\/puuhiset_-11-768x512.jpg 768w, https:\/\/www.hirvarit.fi\/teatteri\/wp-content\/uploads\/2019\/04\/puuhiset_-11-1024x683.jpg 1024w\" sizes=\"(max-width: 678px) 100vw, 678px\" \/><\/a><figcaption id=\"caption-attachment-1876\" class=\"wp-caption-text\">Vas. &#8220;Ilta-Vaahteran&#8221; toimittaja (Hilja Vuorio), Herra Yyli\u00f6 (Minja Hannuksela) ja T\u00e4ti T\u00f6pp\u00f6nen (Helmi Varjola)<\/figcaption><\/figure>\n<figure id=\"attachment_1875\" aria-describedby=\"caption-attachment-1875\" style=\"width: 351px\" class=\"wp-caption alignnone\"><a href=\"http:\/\/www.hirvarit.fi\/teatteri\/wp-content\/uploads\/2019\/04\/puuhiset_-6.jpg\"><img loading=\"lazy\" decoding=\"async\" class=\" wp-image-1875\" src=\"http:\/\/www.hirvarit.fi\/teatteri\/wp-content\/uploads\/2019\/04\/puuhiset_-6.jpg\" alt=\"Puuhiset 6\" width=\"351\" height=\"527\" title=\"Puuhiset \/ Valokuvia\" srcset=\"https:\/\/www.hirvarit.fi\/teatteri\/wp-content\/uploads\/2019\/04\/puuhiset_-6.jpg 1000w, https:\/\/www.hirvarit.fi\/teatteri\/wp-content\/uploads\/2019\/04\/puuhiset_-6-200x300.jpg 200w, https:\/\/www.hirvarit.fi\/teatteri\/wp-content\/uploads\/2019\/04\/puuhiset_-6-768x1152.jpg 768w, https:\/\/www.hirvarit.fi\/teatteri\/wp-content\/uploads\/2019\/04\/puuhiset_-6-683x1024.jpg 683w\" sizes=\"(max-width: 351px) 100vw, 351px\" \/><\/a><figcaption id=\"caption-attachment-1875\" class=\"wp-caption-text\">Herra Yyli\u00f6 (Minja Hannuksela)<\/figcaption><\/figure>\n<figure id=\"attachment_1871\" aria-describedby=\"caption-attachment-1871\" style=\"width: 358px\" class=\"wp-caption alignnone\"><a href=\"http:\/\/www.hirvarit.fi\/teatteri\/wp-content\/uploads\/2019\/04\/puuhiset-extra_.jpg\"><img loading=\"lazy\" decoding=\"async\" class=\" wp-image-1871\" src=\"http:\/\/www.hirvarit.fi\/teatteri\/wp-content\/uploads\/2019\/04\/puuhiset-extra_.jpg\" alt=\"Puuhiset Extra\" width=\"358\" height=\"537\" title=\"Puuhiset \/ Valokuvia\" srcset=\"https:\/\/www.hirvarit.fi\/teatteri\/wp-content\/uploads\/2019\/04\/puuhiset-extra_.jpg 1000w, https:\/\/www.hirvarit.fi\/teatteri\/wp-content\/uploads\/2019\/04\/puuhiset-extra_-200x300.jpg 200w, https:\/\/www.hirvarit.fi\/teatteri\/wp-content\/uploads\/2019\/04\/puuhiset-extra_-768x1152.jpg 768w, https:\/\/www.hirvarit.fi\/teatteri\/wp-content\/uploads\/2019\/04\/puuhiset-extra_-683x1024.jpg 683w\" sizes=\"(max-width: 358px) 100vw, 358px\" \/><\/a><figcaption id=\"caption-attachment-1871\" class=\"wp-caption-text\">M\u00e4ntypuuhisia (vas. Viljo Kiukkonen, Marikki Syrj\u00e4nen, Mimosa Talvitie)<\/figcaption><\/figure>\n","protected":false},"excerpt":{"rendered":"<p>PUUHISET \/ Lehdist\u00f6kuvia Kuvat: Mika Nurmi Photography &nbsp;<\/p>\n","protected":false},"author":1,"featured_media":0,"parent":0,"menu_order":0,"comment_status":"closed","ping_status":"closed","template":"","meta":{"footnotes":""},"class_list":["post-1885","page","type-page","status-publish","hentry"],"_links":{"self":[{"href":"https:\/\/www.hirvarit.fi\/teatteri\/wp-json\/wp\/v2\/pages\/1885","targetHints":{"allow":["GET"]}}],"collection":[{"href":"https:\/\/www.hirvarit.fi\/teatteri\/wp-json\/wp\/v2\/pages"}],"about":[{"href":"https:\/\/www.hirvarit.fi\/teatteri\/wp-json\/wp\/v2\/types\/page"}],"author":[{"embeddable":true,"href":"https:\/\/www.hirvarit.fi\/teatteri\/wp-json\/wp\/v2\/users\/1"}],"replies":[{"embeddable":true,"href":"https:\/\/www.hirvarit.fi\/teatteri\/wp-json\/wp\/v2\/comments?post=1885"}],"version-history":[{"count":3,"href":"https:\/\/www.hirvarit.fi\/teatteri\/wp-json\/wp\/v2\/pages\/1885\/revisions"}],"predecessor-version":[{"id":1887,"href":"https:\/\/www.hirvarit.fi\/teatteri\/wp-json\/wp\/v2\/pages\/1885\/revisions\/1887"}],"wp:attachment":[{"href":"https:\/\/www.hirvarit.fi\/teatteri\/wp-json\/wp\/v2\/media?parent=1885"}],"curies":[{"name":"wp","href":"https:\/\/api.w.org\/{rel}","templated":true}]}}