{"id":1756,"date":"2018-10-15T08:22:37","date_gmt":"2018-10-15T08:22:37","guid":{"rendered":"http:\/\/www.hirvarit.fi\/teatteri\/?page_id=1756"},"modified":"2026-03-13T22:31:26","modified_gmt":"2026-03-13T22:31:26","slug":"bussilla-syvalahteen","status":"publish","type":"page","link":"https:\/\/www.hirvarit.fi\/teatteri\/business-template\/bussilla-syvalahteen\/","title":{"rendered":"Bussilla Syv\u00e4lahteen"},"content":{"rendered":"<p>Syv\u00e4lahden monitoimitalo sijaitsee aivan Hirvensalon hiihtokeskuksen kupeessa. L\u00e4hin bussipys\u00e4kki on <strong>Pujottelum\u00e4ki<\/strong> hiihtokeskuksen kohdalla, Kakskerrantien varrella, jonne bussi ajaa kauppatorilta ja josta k\u00e4velymatkaa Syv\u00e4lahteen on 350 m. T\u00e4t\u00e4 reitti\u00e4 kulkevat bussit nro 25A, 24, 5 ja 5A. <strong>Yhteens\u00e4 matkaan menee aikaa n. 20 minuuttia<\/strong><\/p>\n<p>N\u00e4in p\u00e4\u00e4set ajoissa perille:<\/p>\n<p><strong>ARKIESITYKSET (klo 18.00.)<\/strong><\/p>\n<p>Bussi nro 5 \/ L\u00e4ht\u00f6pys\u00e4kki keskustassa D4 (Kauppahallin vastap\u00e4\u00e4t\u00e4, Hansakorttelin puoleisella tiell\u00e4) <span style=\"color: #ff0000;\">klo 17.03.<\/span> \/ Hiihtokeskuksen pys\u00e4kill\u00e4 n. klo 17.20. &gt; k\u00e4vely n. 6 min.<\/p>\n<p>Bussi nro 5A\u00a0 \/ L\u00e4ht\u00f6pys\u00e4kki keskustassa D4 <span style=\"color: #ff0000;\">klo 17.08.<\/span>\u00a0 \/ (Kauppahallin vastap\u00e4\u00e4t\u00e4, Hansakorttelin puoleisella tiell\u00e4) n. klo 17.26. &gt; K\u00e4vely n. 6 min.<\/p>\n<p>Bussi nro 5 \/ L\u00e4ht\u00f6pys\u00e4kki keskustassa D4 <span style=\"color: #ff0000;\">klo 17.13.\u00a0<\/span> \/ Hiihtokeskuksen pys\u00e4kill\u00e4 n. klo 17.30. &gt; k\u00e4vely n. 6 min.<\/p>\n<p>Bussi nro 5A\u00a0 \/ L\u00e4ht\u00f6pys\u00e4kki keskustassa D4 <span style=\"color: #ff0000;\">klo 17.18.\u00a0<\/span> \/ Hiihtokeskuksen pys\u00e4kill\u00e4 n. klo 17.36. &gt; k\u00e4vely n. 6 min.<\/p>\n<p>Bussi nro\u00a0 25A \/ L\u00e4ht\u00f6pys\u00e4kki\u00a0 keskustassa E1 (Sushi Pandan edest\u00e4) <span style=\"color: #ff0000;\">klo 17.26. <\/span>\u00a0\/ Hihtokeskuksen pys\u00e4kill\u00e4 n. klo 17.38. &gt; K\u00e4vely n. 6 min.<\/p>\n<p><a href=\"https:\/\/reittiopas.foli.fi\/reitti\/Kauppatori%3A%3A60.450305%2C22.265355\/Vanha%20Kakskerrantie%208%2C%20Turku%3A%3A60.419985890106496%2C22.226607799530033?time=1539611940\"><span style=\"color: #00ffff;\"><span style=\"color: #00ccff;\">KATSO T\u00c4\u00c4LT\u00c4 TARKEMMAT OHJEET \/ F\u00d6LIN REITTIKARTTA<\/span><\/span><\/a><\/p>\n<p><strong>SUNNUNTAIESITYKSET (Klo 15.00.)<\/strong><\/p>\n<p>Bussi nro\u00a0 24 \/ L\u00e4ht\u00f6pys\u00e4kki\u00a0 keskustassa E1 (Sushi Pandan edest\u00e4) <span style=\"color: #ff0000;\">klo 13.56 <\/span>\u00a0\/ Hihtokeskuksen pys\u00e4kill\u00e4 n. klo 14.07. &gt; K\u00e4vely n. 6 min.<\/p>\n<p>Bussi nro 5 \/ L\u00e4ht\u00f6pys\u00e4kki keskustassa D4 (Kauppahallin vastap\u00e4\u00e4t\u00e4, Hansakorttelin puoleisella tiell\u00e4) <span style=\"color: #ff0000;\">klo 14.05<\/span> \/ Hiihtokeskuksen pys\u00e4kill\u00e4 n. klo 14.20 &gt; k\u00e4vely n. 6 min.<\/p>\n<p>Bussi nro 5 \/ L\u00e4ht\u00f6pys\u00e4kki keskustassa D4 (Kauppahallin vastap\u00e4\u00e4t\u00e4, Hansakorttelin puoleisella tiell\u00e4) <span style=\"color: #ff0000;\">klo 14.20<\/span> \/ Hiihtokeskuksen pys\u00e4kill\u00e4 n. klo 14.35 &gt; k\u00e4vely n. 6 min.<\/p>\n<p>Bussi nro\u00a0 25A \/ L\u00e4ht\u00f6pys\u00e4kki\u00a0 keskustassa E1 (Sushi Pandan edest\u00e4) <span style=\"color: #ff0000;\">klo 14.22 <\/span>\u00a0\/ Hihtokeskuksen pys\u00e4kill\u00e4 n. klo 14.37 &gt; K\u00e4vely n. 6 min.<\/p>\n<p><a href=\"https:\/\/reittiopas.foli.fi\/reitti\/Keskusta%3A%3A60.449301%2C22.268468\/Vanha%20Kakskerrantie%208%2C%20Turku%3A%3A60.419985890106496%2C22.226607799530033?time=1540115400\"><span style=\"color: #00ffff;\"><span style=\"color: #00ccff;\">KATSO T\u00c4\u00c4LT\u00c4 TARKEMMAT OHJEET \/ F\u00d6LIN REITTIKARTTA<\/span><\/span><\/a><\/p>\n","protected":false},"excerpt":{"rendered":"<p>Syv\u00e4lahden monitoimitalo sijaitsee aivan Hirvensalon hiihtokeskuksen kupeessa. L\u00e4hin bussipys\u00e4kki on Pujottelum\u00e4ki hiihtokeskuksen kohdalla, Kakskerrantien varrella, jonne bussi ajaa kauppatorilta ja josta k\u00e4velymatkaa Syv\u00e4lahteen on 350 m. T\u00e4t\u00e4 reitti\u00e4 kulkevat bussit nro 25A, 24, 5 ja 5A. Yhteens\u00e4 matkaan menee aikaa<\/p>\n","protected":false},"author":1,"featured_media":0,"parent":432,"menu_order":0,"comment_status":"closed","ping_status":"closed","template":"","meta":{"footnotes":""},"class_list":["post-1756","page","type-page","status-publish","hentry"],"_links":{"self":[{"href":"https:\/\/www.hirvarit.fi\/teatteri\/wp-json\/wp\/v2\/pages\/1756","targetHints":{"allow":["GET"]}}],"collection":[{"href":"https:\/\/www.hirvarit.fi\/teatteri\/wp-json\/wp\/v2\/pages"}],"about":[{"href":"https:\/\/www.hirvarit.fi\/teatteri\/wp-json\/wp\/v2\/types\/page"}],"author":[{"embeddable":true,"href":"https:\/\/www.hirvarit.fi\/teatteri\/wp-json\/wp\/v2\/users\/1"}],"replies":[{"embeddable":true,"href":"https:\/\/www.hirvarit.fi\/teatteri\/wp-json\/wp\/v2\/comments?post=1756"}],"version-history":[{"count":4,"href":"https:\/\/www.hirvarit.fi\/teatteri\/wp-json\/wp\/v2\/pages\/1756\/revisions"}],"predecessor-version":[{"id":3728,"href":"https:\/\/www.hirvarit.fi\/teatteri\/wp-json\/wp\/v2\/pages\/1756\/revisions\/3728"}],"up":[{"embeddable":true,"href":"https:\/\/www.hirvarit.fi\/teatteri\/wp-json\/wp\/v2\/pages\/432"}],"wp:attachment":[{"href":"https:\/\/www.hirvarit.fi\/teatteri\/wp-json\/wp\/v2\/media?parent=1756"}],"curies":[{"name":"wp","href":"https:\/\/api.w.org\/{rel}","templated":true}]}}