{"id":1391,"date":"2017-10-05T07:40:02","date_gmt":"2017-10-05T07:40:02","guid":{"rendered":"http:\/\/www.hirvarit.fi\/teatteri\/?page_id=1391"},"modified":"2019-10-29T08:06:48","modified_gmt":"2019-10-29T08:06:48","slug":"huipulla-tuulee","status":"publish","type":"page","link":"https:\/\/www.hirvarit.fi\/teatteri\/huipulla-tuulee\/","title":{"rendered":"Huipulla tuulee"},"content":{"rendered":"<p><a href=\"http:\/\/www.hirvarit.fi\/teatteri\/wp-content\/uploads\/2017\/12\/huipulla_nettijuliste.png\"><img fetchpriority=\"high\" decoding=\"async\" class=\"alignnone wp-image-1466\" src=\"http:\/\/www.hirvarit.fi\/teatteri\/wp-content\/uploads\/2017\/12\/huipulla_nettijuliste.png\" alt=\"huipulla_nettijuliste\" width=\"409\" height=\"574\" title=\"Huipulla tuulee\" srcset=\"https:\/\/www.hirvarit.fi\/teatteri\/wp-content\/uploads\/2017\/12\/huipulla_nettijuliste.png 2551w, https:\/\/www.hirvarit.fi\/teatteri\/wp-content\/uploads\/2017\/12\/huipulla_nettijuliste-214x300.png 214w, https:\/\/www.hirvarit.fi\/teatteri\/wp-content\/uploads\/2017\/12\/huipulla_nettijuliste-768x1077.png 768w, https:\/\/www.hirvarit.fi\/teatteri\/wp-content\/uploads\/2017\/12\/huipulla_nettijuliste-730x1024.png 730w\" sizes=\"(max-width: 409px) 100vw, 409px\" \/><\/a><\/p>\n<p>(Juliste. Noora Lind\u00e9n)<\/p>\n<p>Jorma Nurmisen k\u00e4sikirjoittama ja Minna-Stiina Saaristo-Vellingin sovittama Huipulla tuulee on kuvitteellinen tarina Bremenin soittoniekkojen my\u00f6hemmist\u00e4 vaiheista Bremenin tapahtumien j\u00e4lkeen.\u00a0 N\u00e4ytelm\u00e4 siis jatkoi siit\u00e4, mihin kev\u00e4\u00e4n 2017 tuotanto, &#8220;Bremenin paras b\u00e4ndi&#8221; lopetti, eik\u00e4 sill\u00e4 ollut p\u00e4\u00e4henkil\u00f6iden lis\u00e4ksi en\u00e4\u00e4 yhteyksi\u00e4 Grimmin veljesten klassikkosatuun.<\/p>\n<p>Kissa, koira, aasi ja kukko paistattelevat suursuosion parrasvaloissa: Heid\u00e4n vastaperustettu b\u00e4ndins\u00e4 tekee hittibiisin toisensa per\u00e4\u00e4n ja manageri junailee maailmanlaajuista kiertuetta. Ihaillun idolin rooli alkaa kuitenkin jo pikku hiljaa painaa yksinkertaiseen el\u00e4m\u00e4\u00e4n tottuneita kissaa, koiraa ja aasia. Kukko sen sijaan ottaa ilosta kaiken irti ja kaahaa uudella moottoripy\u00f6r\u00e4ll\u00e4\u00e4n kanalasta toiseen kirkuvat kanafanit kannoillaan. Samaan aikaan b\u00e4ndin roudariksi ryhtynyt entinen rosvokopla haluaisi my\u00f6s siivunsa kuuluisuuden kakusta ja alkaa v\u00e4s\u00e4t\u00e4 omaa hittibiisi\u00e4\u00e4n.<\/p>\n<p>Lopulta kukko j\u00e4\u00e4 kiinni ylinopeudesta ja joutuu hiukan eriskummallisen oikeudenistunnon tuloksena kahdeksi elini\u00e4ksi vankilaan. Silloin b\u00e4ndikaverit p\u00e4\u00e4tt\u00e4v\u00e4t, ettei kaveria j\u00e4tet\u00e4, ja pelastusoperaation aikana yst\u00e4vykset l\u00f6yt\u00e4v\u00e4t taas yhteisen s\u00e4velen -kun kukkokin lopulta suostuu lahjoittamaan menopelins\u00e4 poliisivoimille.<\/p>\n<p>Hauskan ja vauhdikkaan, v\u00e4liaikoineen n. tunnin pituisen esityksen ohjasi edellisvuodelta tuttu Loviisa Grubert, ja n\u00e4yt\u00f6kset pidettiin niin ik\u00e4\u00e4n tutuksi k\u00e4yneen nuorisotalo Moose\u00b4sin tiloissa huhti-toukokuussa 2018. Seitsem\u00e4ss\u00e4 n\u00e4yt\u00f6ksess\u00e4 esityksen n\u00e4ki yhteens\u00e4 198 katsojaa.<\/p>\n<h2><a href=\"http:\/\/www.hirvarit.fi\/teatteri\/huipulla-tuulee-valokuvat\/\">\u00a0VALOKUVIA<\/a><\/h2>\n<h2><a href=\"http:\/\/www.hirvarit.fi\/teatteri\/lehtikritiikkeja-hirvensalon-nuorisoteatterin-naytelmista\/\">TURUN SANOMIEN ARVOSTELU ESITYKSEST\u00c4<\/a><\/h2>\n<p>Lasten itsens\u00e4 kuvaama ja editoima video n\u00e4ytelm\u00e4n harjoituksista joulukuulta 2017:<br \/>\n<iframe src=\"https:\/\/www.youtube.com\/embed\/hEN8_2uJ9g0\" width=\"560\" height=\"315\" frameborder=\"0\" allowfullscreen=\"allowfullscreen\"><\/iframe><\/p>\n<p>&nbsp;<\/p>\n<h3><\/h3>\n<h3><\/h3>\n","protected":false},"excerpt":{"rendered":"<p>(Juliste. Noora Lind\u00e9n) Jorma Nurmisen k\u00e4sikirjoittama ja Minna-Stiina Saaristo-Vellingin sovittama Huipulla tuulee on kuvitteellinen tarina Bremenin soittoniekkojen my\u00f6hemmist\u00e4 vaiheista Bremenin tapahtumien j\u00e4lkeen.\u00a0 N\u00e4ytelm\u00e4 siis jatkoi siit\u00e4, mihin kev\u00e4\u00e4n 2017 tuotanto, &#8220;Bremenin paras b\u00e4ndi&#8221; lopetti, eik\u00e4 sill\u00e4 ollut p\u00e4\u00e4henkil\u00f6iden lis\u00e4ksi en\u00e4\u00e4<\/p>\n","protected":false},"author":1,"featured_media":0,"parent":0,"menu_order":0,"comment_status":"closed","ping_status":"closed","template":"","meta":{"footnotes":""},"class_list":["post-1391","page","type-page","status-publish","hentry"],"_links":{"self":[{"href":"https:\/\/www.hirvarit.fi\/teatteri\/wp-json\/wp\/v2\/pages\/1391","targetHints":{"allow":["GET"]}}],"collection":[{"href":"https:\/\/www.hirvarit.fi\/teatteri\/wp-json\/wp\/v2\/pages"}],"about":[{"href":"https:\/\/www.hirvarit.fi\/teatteri\/wp-json\/wp\/v2\/types\/page"}],"author":[{"embeddable":true,"href":"https:\/\/www.hirvarit.fi\/teatteri\/wp-json\/wp\/v2\/users\/1"}],"replies":[{"embeddable":true,"href":"https:\/\/www.hirvarit.fi\/teatteri\/wp-json\/wp\/v2\/comments?post=1391"}],"version-history":[{"count":36,"href":"https:\/\/www.hirvarit.fi\/teatteri\/wp-json\/wp\/v2\/pages\/1391\/revisions"}],"predecessor-version":[{"id":2080,"href":"https:\/\/www.hirvarit.fi\/teatteri\/wp-json\/wp\/v2\/pages\/1391\/revisions\/2080"}],"wp:attachment":[{"href":"https:\/\/www.hirvarit.fi\/teatteri\/wp-json\/wp\/v2\/media?parent=1391"}],"curies":[{"name":"wp","href":"https:\/\/api.w.org\/{rel}","templated":true}]}}