{"id":1203,"date":"2017-04-21T11:15:45","date_gmt":"2017-04-21T11:15:45","guid":{"rendered":"http:\/\/www.hirvarit.fi\/teatteri\/?page_id=1203"},"modified":"2017-04-21T11:22:44","modified_gmt":"2017-04-21T11:22:44","slug":"hurrikaani-ajo-ohjeet-ja-kartta","status":"publish","type":"page","link":"https:\/\/www.hirvarit.fi\/teatteri\/hurrikaani-ajo-ohjeet-ja-kartta\/","title":{"rendered":"Hurrikaani, ajo-ohjeet ja kartta"},"content":{"rendered":"<h1>Etsiv\u00e4kerho Hurrikaani ja kammokellarin arvoitus<\/h1>\n<p>Kulttuuritalo Orpolassa, os. <a href=\"https:\/\/www.google.fi\/maps\/place\/Mustionkatu+12,+20750+Turku\/@60.4314123,22.3171606,14z\/data=!4m2!3m1!1s0x468c76d4dc998867:0xb29a00e27a2451f4?hl=fi\">Mustionkatu 12<\/a>, Turku<\/p>\n<p>Huom! Parkkialue sijaitsee n. 150 m p\u00e4\u00e4ss\u00e4 esityspaikasta. Aja Orpolan hiekkatieristeyksen ohi ja k\u00e4\u00e4nny n. 20 m:n p\u00e4\u00e4st\u00e4 vasemmalle, Fiskarsinkadulle.\u00a0 Heti vasemmalla sijaitsevan teollisuusrakennuksen j\u00e4lkeen k\u00e4\u00e4nny j\u00e4lleen vasemmalle, ko. rakennuksen parkkipaikalle. Reitti Orpolaan kulkee rakennuksen kulmasta, pienen metsik\u00f6n l\u00e4pi hiekkatielle.<\/p>\n<p>Voit my\u00f6s ajaa suoraan Orpolan pihaan, purkaa kyytil\u00e4iset autosta ja vied\u00e4 sen j\u00e4lkeen auton parkkialueelle.<\/p>\n<p><a href=\"http:\/\/www.hirvarit.fi\/teatteri\/wp-content\/uploads\/2017\/04\/Orpolan-kartta.jpg\"><img fetchpriority=\"high\" decoding=\"async\" class=\"alignnone  wp-image-1207\" src=\"http:\/\/www.hirvarit.fi\/teatteri\/wp-content\/uploads\/2017\/04\/Orpolan-kartta.jpg\" alt=\"Orpolan kartta\" width=\"1078\" height=\"702\" title=\"Hurrikaani, ajo-ohjeet ja kartta\" srcset=\"https:\/\/www.hirvarit.fi\/teatteri\/wp-content\/uploads\/2017\/04\/Orpolan-kartta.jpg 1344w, https:\/\/www.hirvarit.fi\/teatteri\/wp-content\/uploads\/2017\/04\/Orpolan-kartta-300x195.jpg 300w, https:\/\/www.hirvarit.fi\/teatteri\/wp-content\/uploads\/2017\/04\/Orpolan-kartta-768x500.jpg 768w, https:\/\/www.hirvarit.fi\/teatteri\/wp-content\/uploads\/2017\/04\/Orpolan-kartta-1024x667.jpg 1024w\" sizes=\"(max-width: 1078px) 100vw, 1078px\" \/><\/a><\/p>\n<p>&nbsp;<\/p>\n","protected":false},"excerpt":{"rendered":"<p>Etsiv\u00e4kerho Hurrikaani ja kammokellarin arvoitus Kulttuuritalo Orpolassa, os. Mustionkatu 12, Turku Huom! Parkkialue sijaitsee n. 150 m p\u00e4\u00e4ss\u00e4 esityspaikasta. Aja Orpolan hiekkatieristeyksen ohi ja k\u00e4\u00e4nny n. 20 m:n p\u00e4\u00e4st\u00e4 vasemmalle, Fiskarsinkadulle.\u00a0 Heti vasemmalla sijaitsevan teollisuusrakennuksen j\u00e4lkeen k\u00e4\u00e4nny j\u00e4lleen vasemmalle, ko.<\/p>\n","protected":false},"author":1,"featured_media":0,"parent":0,"menu_order":0,"comment_status":"closed","ping_status":"closed","template":"","meta":{"footnotes":""},"class_list":["post-1203","page","type-page","status-publish","hentry"],"_links":{"self":[{"href":"https:\/\/www.hirvarit.fi\/teatteri\/wp-json\/wp\/v2\/pages\/1203","targetHints":{"allow":["GET"]}}],"collection":[{"href":"https:\/\/www.hirvarit.fi\/teatteri\/wp-json\/wp\/v2\/pages"}],"about":[{"href":"https:\/\/www.hirvarit.fi\/teatteri\/wp-json\/wp\/v2\/types\/page"}],"author":[{"embeddable":true,"href":"https:\/\/www.hirvarit.fi\/teatteri\/wp-json\/wp\/v2\/users\/1"}],"replies":[{"embeddable":true,"href":"https:\/\/www.hirvarit.fi\/teatteri\/wp-json\/wp\/v2\/comments?post=1203"}],"version-history":[{"count":4,"href":"https:\/\/www.hirvarit.fi\/teatteri\/wp-json\/wp\/v2\/pages\/1203\/revisions"}],"predecessor-version":[{"id":1208,"href":"https:\/\/www.hirvarit.fi\/teatteri\/wp-json\/wp\/v2\/pages\/1203\/revisions\/1208"}],"wp:attachment":[{"href":"https:\/\/www.hirvarit.fi\/teatteri\/wp-json\/wp\/v2\/media?parent=1203"}],"curies":[{"name":"wp","href":"https:\/\/api.w.org\/{rel}","templated":true}]}}