{"id":1025,"date":"2016-12-01T08:49:07","date_gmt":"2016-12-01T08:49:07","guid":{"rendered":"http:\/\/www.hirvarit.fi\/teatteri\/?page_id=1025"},"modified":"2025-12-01T10:21:29","modified_gmt":"2025-12-01T10:21:29","slug":"ajankohtaista-2","status":"publish","type":"page","link":"https:\/\/www.hirvarit.fi\/teatteri\/ajankohtaista-2\/","title":{"rendered":"TNT &#8211;  opetusryhm\u00e4t"},"content":{"rendered":"\n<p class=\"has-medium-font-size\"><strong>Hirvensalon nuorisoteatterin opetusryhm\u00e4t virallistuvat taiteen perusopetukseksi yhteisty\u00f6ss\u00e4 Turun Nuoren Teatterin kanssa. <\/strong><\/p>\n\n\n\n<p class=\"has-medium-font-size\">Opetusryhmi\u00e4 muodostetaan kysynn\u00e4n, i\u00e4n ja tason mukaan. Taiteen perusopetus seuraa opetushallituksen m\u00e4\u00e4rittelem\u00e4\u00e4 opetussuunnitelmaa, joka on vuosikursseittain laadittu.<\/p>\n\n\n\n<p>Vuonna 2025 Taiteen perusopetus j\u00e4rjestyy Syv\u00e4lahden koululla seuraavasti:<\/p>\n\n\n\n<figure class=\"wp-block-table\"><table class=\"has-fixed-layout\"><tbody><tr><td><a href=\"https:\/\/www.nuoriteatteri.com\/taiteen-perusopetus\/#gid=1692959187\" target=\"_blank\" rel=\"noreferrer noopener\">Ti klo 16:30-18<\/a><\/td><td>8-10-vuotiaat 3. vuosi<\/td><td>Fiona Syr\u00e9n<\/td><td>Syv\u00e4lahden koulu<\/td><td><\/td><\/tr><tr><td><a href=\"https:\/\/www.nuoriteatteri.com\/taiteen-perusopetus\/#gid=2121590624\" target=\"_blank\" rel=\"noreferrer noopener\">Ti klo 18:30-20<\/a><\/td><td>11-14-vuotiaat 4. vuosi<\/td><td>Fiona Syr\u00e9n<\/td><td>Syv\u00e4lahden koulu<\/td><td><\/td><\/tr><\/tbody><\/table><\/figure>\n\n\n\n<figure class=\"wp-block-gallery has-nested-images columns-default is-cropped wp-block-gallery-1 is-layout-flex wp-block-gallery-is-layout-flex\"><\/figure>\n\n\n\n<p>Lis\u00e4tietoa Turun Nuoresta Teatterista ja taiteen perusopetuksesta <a href=\"https:\/\/www.nuoriteatteri.com\/taiteen-perusopetus\/\" data-type=\"link\" data-id=\"https:\/\/www.nuoriteatteri.com\/taiteen-perusopetus\/\">t\u00e4\u00e4lt\u00e4.<\/a><\/p>\n\n\n\n<p><\/p>\n","protected":false},"excerpt":{"rendered":"<p>Hirvensalon nuorisoteatterin opetusryhm\u00e4t virallistuvat taiteen perusopetukseksi yhteisty\u00f6ss\u00e4 Turun Nuoren Teatterin kanssa. Opetusryhmi\u00e4 muodostetaan kysynn\u00e4n, i\u00e4n ja tason mukaan. Taiteen perusopetus seuraa opetushallituksen m\u00e4\u00e4rittelem\u00e4\u00e4 opetussuunnitelmaa, joka on vuosikursseittain laadittu. Vuonna 2025 Taiteen perusopetus j\u00e4rjestyy Syv\u00e4lahden koululla seuraavasti: Ti klo 16:30-18 8-10-vuotiaat<\/p>\n","protected":false},"author":1,"featured_media":0,"parent":0,"menu_order":0,"comment_status":"closed","ping_status":"closed","template":"","meta":{"footnotes":""},"class_list":["post-1025","page","type-page","status-publish","hentry"],"_links":{"self":[{"href":"https:\/\/www.hirvarit.fi\/teatteri\/wp-json\/wp\/v2\/pages\/1025","targetHints":{"allow":["GET"]}}],"collection":[{"href":"https:\/\/www.hirvarit.fi\/teatteri\/wp-json\/wp\/v2\/pages"}],"about":[{"href":"https:\/\/www.hirvarit.fi\/teatteri\/wp-json\/wp\/v2\/types\/page"}],"author":[{"embeddable":true,"href":"https:\/\/www.hirvarit.fi\/teatteri\/wp-json\/wp\/v2\/users\/1"}],"replies":[{"embeddable":true,"href":"https:\/\/www.hirvarit.fi\/teatteri\/wp-json\/wp\/v2\/comments?post=1025"}],"version-history":[{"count":93,"href":"https:\/\/www.hirvarit.fi\/teatteri\/wp-json\/wp\/v2\/pages\/1025\/revisions"}],"predecessor-version":[{"id":3731,"href":"https:\/\/www.hirvarit.fi\/teatteri\/wp-json\/wp\/v2\/pages\/1025\/revisions\/3731"}],"wp:attachment":[{"href":"https:\/\/www.hirvarit.fi\/teatteri\/wp-json\/wp\/v2\/media?parent=1025"}],"curies":[{"name":"wp","href":"https:\/\/api.w.org\/{rel}","templated":true}]}}