{"id":3598,"date":"2025-08-19T20:50:09","date_gmt":"2025-08-19T20:50:09","guid":{"rendered":"https:\/\/www.hirvarit.fi\/teatteri\/?page_id=3598"},"modified":"2025-08-23T12:59:01","modified_gmt":"2025-08-23T12:59:01","slug":"casting-tilaisuus-rakastettuun-lastensatuun-veljeni-leijonamieli","status":"publish","type":"page","link":"http:\/\/www.hirvarit.fi\/teatteri\/casting-tilaisuus-rakastettuun-lastensatuun-veljeni-leijonamieli\/","title":{"rendered":"Casting-tilaisuus rakastettuun lastensatuun Veljeni Leijonamieli!"},"content":{"rendered":"\n<figure class=\"wp-block-image size-large is-style-rounded\"><a href=\"http:\/\/www.hirvarit.fi\/teatteri\/wp-content\/uploads\/2025\/08\/veljeni-leijonamieli-hakujuliste-fb-event.png\"><img fetchpriority=\"high\" decoding=\"async\" width=\"1024\" height=\"536\" src=\"http:\/\/www.hirvarit.fi\/teatteri\/wp-content\/uploads\/2025\/08\/veljeni-leijonamieli-hakujuliste-fb-event-1024x536.png\" alt=\"Veljeni Leijonamieli Hakujuliste Fb Event 1024x536\" class=\"wp-image-3392\" title=\"Casting-tilaisuus rakastettuun lastensatuun Veljeni Leijonamieli!\" srcset=\"http:\/\/www.hirvarit.fi\/teatteri\/wp-content\/uploads\/2025\/08\/veljeni-leijonamieli-hakujuliste-fb-event-1024x536.png 1024w, http:\/\/www.hirvarit.fi\/teatteri\/wp-content\/uploads\/2025\/08\/veljeni-leijonamieli-hakujuliste-fb-event-300x157.png 300w, http:\/\/www.hirvarit.fi\/teatteri\/wp-content\/uploads\/2025\/08\/veljeni-leijonamieli-hakujuliste-fb-event-768x402.png 768w, http:\/\/www.hirvarit.fi\/teatteri\/wp-content\/uploads\/2025\/08\/veljeni-leijonamieli-hakujuliste-fb-event-1536x804.png 1536w, http:\/\/www.hirvarit.fi\/teatteri\/wp-content\/uploads\/2025\/08\/veljeni-leijonamieli-hakujuliste-fb-event-2048x1072.png 2048w\" sizes=\"(max-width: 1024px) 100vw, 1024px\" \/><\/a><\/figure>\n\n\n\n<p><strong>Veljeni Leijonamieli<\/strong>&nbsp;on Astrid Lindgrenin&nbsp;kirjoittama ihastuttava satuklassikko, joka valtaa Syv\u00e4lahden Monitoimitalon lavan helmikuussa 2026 Hirvensalon innokkaiden harrastajien voimin!&nbsp;<\/p>\n\n\n\n<p>N\u00e4ytelm\u00e4 kertoo turvasta ja rohkeudesta. Veljekset Joonatan ja Kalle \u201cKorppu\u201d seikkailee Nangijalassa hyvyyden ja pahuuden valtataistelua. Vuodesta 1973 asti lapsiperheit\u00e4 hurmannut teos on tunnettu niin kirjaklassikkona kuin n\u00e4ytelm\u00e4versiona kautta maan!<\/p>\n\n\n\n<p>Hae siis rohkeasti mukaan 30.8. j\u00e4rjestett\u00e4v\u00e4ss\u00e4 hakutilaisuudessa Syv\u00e4lahden koululla. Ilmoittaudu mukaan 27.8. menness\u00e4\u00a0<a href=\"mailto:mette.paloniemi@gmail.com\" target=\"_blank\" rel=\"noreferrer noopener\">mette.paloniemi@gmail.com<\/a>\u00a0ja saat lis\u00e4tietoa produktiosta. Produktiomaksu 80\u20ac<\/p>\n\n\n\n<p>Harjoituskausi alkaa syyskuusta 2025 ja p\u00e4\u00e4ttyy helmikuuhun 2026<\/p>\n\n\n\n<p>Tervetuloa mukaan!<\/p>\n\n\n\n<p>Terveisin,<\/p>\n\n\n\n<p>Hirvensalon nuorisoteatterin taiteelliset johtajat<\/p>\n\n\n\n<p class=\"has-small-font-size\">Venla Sippola ja Topi Anttila<\/p>\n","protected":false},"excerpt":{"rendered":"<p>Veljeni Leijonamieli&nbsp;on Astrid Lindgrenin&nbsp;kirjoittama ihastuttava satuklassikko, joka valtaa Syv\u00e4lahden Monitoimitalon lavan helmikuussa 2026 Hirvensalon innokkaiden harrastajien voimin!&nbsp; N\u00e4ytelm\u00e4 kertoo turvasta ja rohkeudesta. Veljekset Joonatan ja Kalle \u201cKorppu\u201d seikkailee Nangijalassa hyvyyden ja pahuuden valtataistelua. Vuodesta 1973 asti lapsiperheit\u00e4 hurmannut teos on<\/p>\n","protected":false},"author":1,"featured_media":0,"parent":0,"menu_order":1,"comment_status":"closed","ping_status":"closed","template":"","meta":{"footnotes":""},"class_list":["post-3598","page","type-page","status-publish","hentry"],"_links":{"self":[{"href":"http:\/\/www.hirvarit.fi\/teatteri\/wp-json\/wp\/v2\/pages\/3598","targetHints":{"allow":["GET"]}}],"collection":[{"href":"http:\/\/www.hirvarit.fi\/teatteri\/wp-json\/wp\/v2\/pages"}],"about":[{"href":"http:\/\/www.hirvarit.fi\/teatteri\/wp-json\/wp\/v2\/types\/page"}],"author":[{"embeddable":true,"href":"http:\/\/www.hirvarit.fi\/teatteri\/wp-json\/wp\/v2\/users\/1"}],"replies":[{"embeddable":true,"href":"http:\/\/www.hirvarit.fi\/teatteri\/wp-json\/wp\/v2\/comments?post=3598"}],"version-history":[{"count":3,"href":"http:\/\/www.hirvarit.fi\/teatteri\/wp-json\/wp\/v2\/pages\/3598\/revisions"}],"predecessor-version":[{"id":3657,"href":"http:\/\/www.hirvarit.fi\/teatteri\/wp-json\/wp\/v2\/pages\/3598\/revisions\/3657"}],"wp:attachment":[{"href":"http:\/\/www.hirvarit.fi\/teatteri\/wp-json\/wp\/v2\/media?parent=3598"}],"curies":[{"name":"wp","href":"https:\/\/api.w.org\/{rel}","templated":true}]}}