{"id":3175,"date":"2023-03-20T15:34:35","date_gmt":"2023-03-20T15:34:35","guid":{"rendered":"http:\/\/www.hirvarit.fi\/teatteri\/?page_id=3175"},"modified":"2023-03-28T11:38:39","modified_gmt":"2023-03-28T11:38:39","slug":"satakieli","status":"publish","type":"page","link":"http:\/\/www.hirvarit.fi\/teatteri\/satakieli\/","title":{"rendered":"SATAKIELI"},"content":{"rendered":"\n<figure class=\"wp-block-image size-large is-resized\"><a href=\"http:\/\/www.hirvarit.fi\/teatteri\/wp-content\/uploads\/2023\/03\/Satakieli-juliste.png\"><img fetchpriority=\"high\" decoding=\"async\" src=\"http:\/\/www.hirvarit.fi\/teatteri\/wp-content\/uploads\/2023\/03\/Satakieli-juliste-724x1024.png\" alt=\"Satakieli Juliste 724x1024\" class=\"wp-image-3176\" width=\"543\" height=\"768\" title=\"SATAKIELI\" srcset=\"http:\/\/www.hirvarit.fi\/teatteri\/wp-content\/uploads\/2023\/03\/Satakieli-juliste-724x1024.png 724w, http:\/\/www.hirvarit.fi\/teatteri\/wp-content\/uploads\/2023\/03\/Satakieli-juliste-212x300.png 212w, http:\/\/www.hirvarit.fi\/teatteri\/wp-content\/uploads\/2023\/03\/Satakieli-juliste-768x1086.png 768w, http:\/\/www.hirvarit.fi\/teatteri\/wp-content\/uploads\/2023\/03\/Satakieli-juliste-1086x1536.png 1086w, http:\/\/www.hirvarit.fi\/teatteri\/wp-content\/uploads\/2023\/03\/Satakieli-juliste-1448x2048.png 1448w, http:\/\/www.hirvarit.fi\/teatteri\/wp-content\/uploads\/2023\/03\/Satakieli-juliste.png 1587w\" sizes=\"(max-width: 543px) 100vw, 543px\" \/><\/a><figcaption>Juliste: Riina Kontiokangas<\/figcaption><\/figure>\n\n\n\n<p style=\"font-size:30px\">Sinut on kutsuttu maailman kauneimpaan hoviin, kun lumoavan kaunis Satakieli lenn\u00e4ht\u00e4\u00e4 Hirvensalon Nuorisoteatterille 28.4. alkaen!<\/p>\n\n\n\n<p><em>Kaukana t\u00e4\u00e4lt\u00e4 on kaikkein kaunein valtakunta ja siell\u00e4 asuu kaikkein kauneimmat ihmiset. Matkailijat l\u00e4helt\u00e4 ja kaukaa saapuvat ihailemaan upeaa palatsia ja lumoavaa puutarhaa, mutta kun he kuulevat puutarhassa asuvan pienen satakielen laulavan, he sanovat: \u201dSe on kauneinta kaikista.\u201d<\/em><\/p>\n\n\n\n<p><em>Tarinat laululinnusta kantautuvat my\u00f6s valtakunnan keisarin korviin, ja h\u00e4n ottaa Satakielen hovinsa viralliseksi laulajaksi. Silkki ja jalokivet eiv\u00e4t voi kuitenkaan korvata vapautta, kun Satakielen uudeksi kodiksi m\u00e4\u00e4r\u00e4t\u00e4\u00e4n kultainen h\u00e4kki. Palatsin puutarhuri Paju ja h\u00e4nen siskonsa keitti\u00f6piika Vilja rient\u00e4v\u00e4t auttamaan yst\u00e4v\u00e4\u00e4ns\u00e4. Saavatko he pelastettua Satakielen hovista? Ent\u00e4 voiko kauneuden kaipuusta sairastua?<\/em><\/p>\n\n\n\n<p><strong>H.C. Andersenin klassikkosatuun perustuva Satakieli-n\u00e4ytelm\u00e4 saapuu Hirvensalon Nuorisoteatterille huhtikuussa 2023.<\/strong><\/p>\n\n\n\n<p>Lavalla n\u00e4hd\u00e4\u00e4n teatterin 9-11 -vuotiaiden ryhm\u00e4 Pikkuhirvarit, jotka tulkitsevat n\u00e4ytelm\u00e4n kauniita hahmoja, jokainen omalla tavallaan. N\u00e4ytelm\u00e4n on ohjannut ja dramatisoinut Fiona Syr\u00e9n.<\/p>\n\n\n\n<p>N\u00e4ytelm\u00e4 sopii my\u00f6s perheen pienimmille ja v\u00e4liajan kanssa se kest\u00e4\u00e4 hieman reilun tunnin.<\/p>\n\n\n\n<p class=\"has-medium-font-size\">Esitykset:<\/p>\n\n\n\n<p>Pe 28.4. klo 18<\/p>\n\n\n\n<p>Su 30.4. klo 12 &amp; klo 15<\/p>\n\n\n\n<p>Ti 2.5. klo 18<\/p>\n\n\n\n<p>Pe 5.5. klo 18<\/p>\n\n\n\n<p>Su 7.5. klo 12 &amp; klo 15<\/p>\n\n\n\n<p>Ti 9.5. klo 18<\/p>\n\n\n\n<p>Pe 12.5. klo 18<\/p>\n\n\n\n<p>Su 14.5. klo 12<\/p>\n\n\n\n<p><\/p>\n\n\n\n<h2 class=\"has-medium-font-size wp-block-heading\">Liput esitykseen l\u00f6ytyy <a href=\"https:\/\/hirvarit.teatteriliput.net\/lipunvaraus\/?esitys=37\" data-type=\"URL\" data-id=\"https:\/\/hirvarit.teatteriliput.net\/lipunvaraus\/?esitys=37\">T\u00c4\u00c4LT\u00c4!<\/a><\/h2>\n\n\n\n<p><\/p>\n","protected":false},"excerpt":{"rendered":"<p>Sinut on kutsuttu maailman kauneimpaan hoviin, kun lumoavan kaunis Satakieli lenn\u00e4ht\u00e4\u00e4 Hirvensalon Nuorisoteatterille 28.4. alkaen! Kaukana t\u00e4\u00e4lt\u00e4 on kaikkein kaunein valtakunta ja siell\u00e4 asuu kaikkein kauneimmat ihmiset. Matkailijat l\u00e4helt\u00e4 ja kaukaa saapuvat ihailemaan upeaa palatsia ja lumoavaa puutarhaa, mutta kun<\/p>\n","protected":false},"author":1,"featured_media":0,"parent":0,"menu_order":0,"comment_status":"closed","ping_status":"closed","template":"","meta":{"footnotes":""},"class_list":["post-3175","page","type-page","status-publish","hentry"],"_links":{"self":[{"href":"http:\/\/www.hirvarit.fi\/teatteri\/wp-json\/wp\/v2\/pages\/3175","targetHints":{"allow":["GET"]}}],"collection":[{"href":"http:\/\/www.hirvarit.fi\/teatteri\/wp-json\/wp\/v2\/pages"}],"about":[{"href":"http:\/\/www.hirvarit.fi\/teatteri\/wp-json\/wp\/v2\/types\/page"}],"author":[{"embeddable":true,"href":"http:\/\/www.hirvarit.fi\/teatteri\/wp-json\/wp\/v2\/users\/1"}],"replies":[{"embeddable":true,"href":"http:\/\/www.hirvarit.fi\/teatteri\/wp-json\/wp\/v2\/comments?post=3175"}],"version-history":[{"count":6,"href":"http:\/\/www.hirvarit.fi\/teatteri\/wp-json\/wp\/v2\/pages\/3175\/revisions"}],"predecessor-version":[{"id":3190,"href":"http:\/\/www.hirvarit.fi\/teatteri\/wp-json\/wp\/v2\/pages\/3175\/revisions\/3190"}],"wp:attachment":[{"href":"http:\/\/www.hirvarit.fi\/teatteri\/wp-json\/wp\/v2\/media?parent=3175"}],"curies":[{"name":"wp","href":"https:\/\/api.w.org\/{rel}","templated":true}]}}