{"id":2400,"date":"2020-08-18T10:19:44","date_gmt":"2020-08-18T10:19:44","guid":{"rendered":"http:\/\/www.hirvarit.fi\/teatteri\/?page_id=2400"},"modified":"2025-12-03T16:22:52","modified_gmt":"2025-12-03T16:22:52","slug":"lippujen-lunastus-varausten-peruutus-ja-lunastettujen-lippujen-palautus","status":"publish","type":"page","link":"http:\/\/www.hirvarit.fi\/teatteri\/lippujen-lunastus-varausten-peruutus-ja-lunastettujen-lippujen-palautus\/","title":{"rendered":"Lippujen lunastus, varausten peruutus ja lunastettujen lippujen palautus"},"content":{"rendered":"<p>Hirvensalon nuorisoteatterin esityksiin p\u00e4\u00e4set ostamalla lipun <a href=\"https:\/\/biletti.fi\/e\/veljeni-leijonamieli-turku\">biletti.fi<\/a> lipunmyyntij\u00e4rjestelm\u00e4n kautta.<\/p>\n<h2><span style=\"color: #00ccff;\">Lippujen lunastus:<\/span><\/h2>\n<ul>\n<li>Lipun voi ostaa my\u00f6s paikan p\u00e4\u00e4ll\u00e4, mik\u00e4li esityksiin on viel\u00e4 paikkoja j\u00e4ljell\u00e4. Lippukassalla ja kahviossa maksuv\u00e4linein\u00e4 k\u00e4yv\u00e4t k\u00e4teinen, pankki- ja luottokortit, kulttuurisetelit, sek\u00e4 Smartum- ja Edenred -kortit.<\/li>\n<li><\/li>\n<li>Toivomme katsojien saapuvan n\u00e4yt\u00f6ksiin ajoissa, viimeist\u00e4\u00e4n 15 min. ennen n\u00e4yt\u00f6ksen alkua.<\/li>\n<li>Mik\u00e4li tied\u00e4t saapuvasi viime tipassa, laita tekstiviesti tai soita: 0407532822, niin pid\u00e4mme varauksesi voimassa aivan n\u00e4yt\u00f6ksen alkuun saakka.<\/li>\n<\/ul>\n<p><strong>Lipun ostoon, peruuttamiseen tai muutostilanteisiin olethan yhteydess\u00e4 l\u00e4ht\u00f6kohtaisesti s\u00e4hk\u00f6postitse.<\/strong><br \/>\n<strong>p. 0407532822<\/strong><br \/>\ntiedotus.hirvarit@gmail.com<\/p>\n<h2><span style=\"color: #00ccff;\">N\u00e4yt\u00f6sten peruuntumiset ja maksettujen lipunhintojen palautus:<\/span><\/h2>\n<ul>\n<li>Mik\u00e4li teatteri joutuu peruuttamaan n\u00e4yt\u00f6ksen, saavat kaikki lippuja varanneet peruutuksesta s\u00e4hk\u00f6postin, tekstiviestin tai soiton, riippuen siit\u00e4, milloin peruutus tapahtuu.<\/li>\n<li><\/li>\n<li>Mik\u00e4li asiakas haluaa peruuttaa, asiasta tulee ilmoittaa teatterille s\u00e4hk\u00f6postitse, tekstiviestill\u00e4 tai puhelimitse, riippuen siit\u00e4, milloin peruutus tapahtuu.<\/li>\n<li><\/li>\n<li>Kummassakin peruutustapauksessa pyrimme ensisijaisesti l\u00f6yt\u00e4m\u00e4\u00e4n kaikille katsojille korvaavat paikat johonkin toiseen esitykseen. Mik\u00e4li t\u00e4m\u00e4 ei ole mahdollista, tarjoamme vaihtoehdoiksi seuraavia:\n<ul>\n<li>Maksetun summan suuruinen lahjakortti, joka k\u00e4y miss\u00e4 tahansa Hirvensalon nuorisoteatterin tuotannossa vuoden ajan.<\/li>\n<li>Maksetun summan palauttaminen asiakkaan tilille noin viikon kuluessa peruuntumisesta. (Huom: emme palauta lippurahoja k\u00e4teisell\u00e4)<\/li>\n<\/ul>\n<\/li>\n<\/ul>\n","protected":false},"excerpt":{"rendered":"<p>Hirvensalon nuorisoteatterin esityksiin p\u00e4\u00e4set ostamalla lipun biletti.fi lipunmyyntij\u00e4rjestelm\u00e4n kautta. Lippujen lunastus: Lipun voi ostaa my\u00f6s paikan p\u00e4\u00e4ll\u00e4, mik\u00e4li esityksiin on viel\u00e4 paikkoja j\u00e4ljell\u00e4. Lippukassalla ja kahviossa maksuv\u00e4linein\u00e4 k\u00e4yv\u00e4t k\u00e4teinen, pankki- ja luottokortit, kulttuurisetelit, sek\u00e4 Smartum- ja Edenred -kortit. Toivomme katsojien<\/p>\n","protected":false},"author":1,"featured_media":0,"parent":0,"menu_order":0,"comment_status":"closed","ping_status":"closed","template":"","meta":{"footnotes":""},"class_list":["post-2400","page","type-page","status-publish","hentry"],"_links":{"self":[{"href":"http:\/\/www.hirvarit.fi\/teatteri\/wp-json\/wp\/v2\/pages\/2400","targetHints":{"allow":["GET"]}}],"collection":[{"href":"http:\/\/www.hirvarit.fi\/teatteri\/wp-json\/wp\/v2\/pages"}],"about":[{"href":"http:\/\/www.hirvarit.fi\/teatteri\/wp-json\/wp\/v2\/types\/page"}],"author":[{"embeddable":true,"href":"http:\/\/www.hirvarit.fi\/teatteri\/wp-json\/wp\/v2\/users\/1"}],"replies":[{"embeddable":true,"href":"http:\/\/www.hirvarit.fi\/teatteri\/wp-json\/wp\/v2\/comments?post=2400"}],"version-history":[{"count":23,"href":"http:\/\/www.hirvarit.fi\/teatteri\/wp-json\/wp\/v2\/pages\/2400\/revisions"}],"predecessor-version":[{"id":3739,"href":"http:\/\/www.hirvarit.fi\/teatteri\/wp-json\/wp\/v2\/pages\/2400\/revisions\/3739"}],"wp:attachment":[{"href":"http:\/\/www.hirvarit.fi\/teatteri\/wp-json\/wp\/v2\/media?parent=2400"}],"curies":[{"name":"wp","href":"https:\/\/api.w.org\/{rel}","templated":true}]}}