{"id":2222,"date":"2020-02-25T11:10:31","date_gmt":"2020-02-25T11:10:31","guid":{"rendered":"http:\/\/www.hirvarit.fi\/teatteri\/?page_id=2222"},"modified":"2025-08-19T21:01:50","modified_gmt":"2025-08-19T21:01:50","slug":"aliisa","status":"publish","type":"page","link":"http:\/\/www.hirvarit.fi\/teatteri\/menneet-naytelmat\/aliisa\/","title":{"rendered":"Aliisa ihmemaassa"},"content":{"rendered":"<h1><a href=\"http:\/\/www.hirvarit.fi\/teatteri\/wp-content\/uploads\/2021\/08\/ALIISA-nettibanneri-UUSI.jpg\"><img fetchpriority=\"high\" decoding=\"async\" class=\"alignnone  wp-image-2792\" src=\"http:\/\/www.hirvarit.fi\/teatteri\/wp-content\/uploads\/2021\/08\/ALIISA-nettibanneri-UUSI.jpg\" alt=\"ALIISA Nettibanneri UUSI\" width=\"1300\" height=\"477\" title=\"Aliisa ihmemaassa\" srcset=\"http:\/\/www.hirvarit.fi\/teatteri\/wp-content\/uploads\/2021\/08\/ALIISA-nettibanneri-UUSI.jpg 1300w, http:\/\/www.hirvarit.fi\/teatteri\/wp-content\/uploads\/2021\/08\/ALIISA-nettibanneri-UUSI-300x110.jpg 300w, http:\/\/www.hirvarit.fi\/teatteri\/wp-content\/uploads\/2021\/08\/ALIISA-nettibanneri-UUSI-768x282.jpg 768w, http:\/\/www.hirvarit.fi\/teatteri\/wp-content\/uploads\/2021\/08\/ALIISA-nettibanneri-UUSI-1024x376.jpg 1024w\" sizes=\"(max-width: 1300px) 100vw, 1300px\" \/><\/a><strong>Koko perheen komedia, joka sekoittaa <\/strong><strong>sadut, pelit ja piirretyt!<\/strong><\/h1>\n<p>13-vuotias Aliisa p\u00e4ntt\u00e4\u00e4 englannin kielen kokeisiin ja nukahtaa kesken ep\u00e4s\u00e4\u00e4nn\u00f6llisten verbien. Murrosik\u00e4\u00e4 l\u00e4hestyv\u00e4n tyt\u00f6n unessa lapsuuden sadut sekoittuvat teinimaailman koukeroihin ja tietokonepelien kuvastoon. Tuloksena on hulvaton, v\u00e4rik\u00e4s mielikuvitusmatka, jossa oman osansa saavat niin rasittavat pikkusisarukset, p\u00f6ll\u00f6t vanhemmat, kuin kaukainen ensi-ihastuskin.<\/p>\n<figure id=\"attachment_2865\" aria-describedby=\"caption-attachment-2865\" style=\"width: 226px\" class=\"wp-caption alignright\"><a href=\"http:\/\/www.hirvarit.fi\/teatteri\/wp-content\/uploads\/2021\/08\/ALIISA-Kuvat-17..jpg\"><img decoding=\"async\" class=\" wp-image-2865\" src=\"http:\/\/www.hirvarit.fi\/teatteri\/wp-content\/uploads\/2021\/08\/ALIISA-Kuvat-17..jpg\" alt=\"ALIISA Kuvat 17.\" width=\"226\" height=\"388\" title=\"Aliisa ihmemaassa\" srcset=\"http:\/\/www.hirvarit.fi\/teatteri\/wp-content\/uploads\/2021\/08\/ALIISA-Kuvat-17..jpg 700w, http:\/\/www.hirvarit.fi\/teatteri\/wp-content\/uploads\/2021\/08\/ALIISA-Kuvat-17.-175x300.jpg 175w, http:\/\/www.hirvarit.fi\/teatteri\/wp-content\/uploads\/2021\/08\/ALIISA-Kuvat-17.-597x1024.jpg 597w\" sizes=\"(max-width: 226px) 100vw, 226px\" \/><\/a><figcaption id=\"caption-attachment-2865\" class=\"wp-caption-text\">Aliisa (Kaisa Olsoni)<\/figcaption><\/figure>\n<p><em><strong>Aliisa ihmemaassa<\/strong><\/em> on Minna-Stiina Saaristo-Vellingin k\u00e4sikirjoittama ja ohjaama uutuuskomedia, jonka innoituksena ovat toimineet Liisa ihmemaassa ja Ihmemaa Oz -sadut, sek\u00e4 kirjailijan omat, murrosik\u00e4iset tytt\u00e4ret ja Hirvareiden lapset ja nuoret.<\/p>\n<p>N\u00e4ytelm\u00e4 esittelee joukon tuttuja hahmoja, jotka unen vapaassa maailmassa yhdistyv\u00e4t t\u00e4m\u00e4n p\u00e4iv\u00e4n lasten ja nuorten kieleen ja kuvastoon.\u00a0 Matkanjohtajana toimii Kani, joka haaveilee r\u00e4pp\u00e4rin urasta, mutta ei oikein hallitse nykyp\u00e4iv\u00e4n sanastoa. &#8220;Lounaan paha noita&#8221; taas muistuttaa kovasti Aliisan kotitalouden opettajaa, joka paasaa vihannesten terveellisyydest\u00e4 kuuroille korville. Ultraviile\u00e4 Peltipoika saapuu paikalle mopoautolla, mutta ei Aliisan harmiksi ole kiinnostunut muusta, kuin selfieit\u00e4 napsivasta Irvikissasta.<\/p>\n<figure id=\"attachment_2861\" aria-describedby=\"caption-attachment-2861\" style=\"width: 439px\" class=\"wp-caption alignnone\"><a href=\"http:\/\/www.hirvarit.fi\/teatteri\/wp-content\/uploads\/2021\/08\/ALIISA-26.jpg\"><img decoding=\"async\" class=\" wp-image-2861\" src=\"http:\/\/www.hirvarit.fi\/teatteri\/wp-content\/uploads\/2021\/08\/ALIISA-26.jpg\" alt=\"ALIISA 26\" width=\"439\" height=\"277\" title=\"Aliisa ihmemaassa\" srcset=\"http:\/\/www.hirvarit.fi\/teatteri\/wp-content\/uploads\/2021\/08\/ALIISA-26.jpg 1300w, http:\/\/www.hirvarit.fi\/teatteri\/wp-content\/uploads\/2021\/08\/ALIISA-26-300x189.jpg 300w, http:\/\/www.hirvarit.fi\/teatteri\/wp-content\/uploads\/2021\/08\/ALIISA-26-768x485.jpg 768w, http:\/\/www.hirvarit.fi\/teatteri\/wp-content\/uploads\/2021\/08\/ALIISA-26-1024x647.jpg 1024w\" sizes=\"(max-width: 439px) 100vw, 439px\" \/><\/a><figcaption id=\"caption-attachment-2861\" class=\"wp-caption-text\">Kuvassa vasemmalta: Anna K\u00e4lli, Lilja Vellinki, Otso L\u00e4hdekorpi, Gabriel Lillberg ja Juha Siltanen<\/figcaption><\/figure>\n<p>Aliisan ep\u00e4varmuus omasta itsest\u00e4\u00e4n puolestaan n\u00e4ytt\u00e4ytyy unessa kahtena tyt\u00f6n alter-egona, s\u00e4h\u00e4kk\u00e4n\u00e4 Fortnite -pelin avattarena Aliciana ja pirte\u00e4n\u00e4 tubettaja Alaizana.\u00a0 Ja kaiken yll\u00e4 leijuu uhkaava hahmo, someen jumittunut, \u00e4ksy Ruutukuningatar, jonka juhliin unimatkalaiset p\u00e4\u00e4tyv\u00e4t pelaamaan sekop\u00e4isi\u00e4 pelej\u00e4 Tetriksest\u00e4 &#8220;Kuukkelin hakuammuntaan&#8221;.<\/p>\n<figure id=\"attachment_2840\" aria-describedby=\"caption-attachment-2840\" style=\"width: 440px\" class=\"wp-caption alignnone\"><a href=\"http:\/\/www.hirvarit.fi\/teatteri\/wp-content\/uploads\/2021\/08\/ALIISA-5.jpg\"><img loading=\"lazy\" decoding=\"async\" class=\" wp-image-2840\" src=\"http:\/\/www.hirvarit.fi\/teatteri\/wp-content\/uploads\/2021\/08\/ALIISA-5.jpg\" alt=\"ALIISA 5\" width=\"440\" height=\"313\" title=\"Aliisa ihmemaassa\" srcset=\"http:\/\/www.hirvarit.fi\/teatteri\/wp-content\/uploads\/2021\/08\/ALIISA-5.jpg 1300w, http:\/\/www.hirvarit.fi\/teatteri\/wp-content\/uploads\/2021\/08\/ALIISA-5-300x213.jpg 300w, http:\/\/www.hirvarit.fi\/teatteri\/wp-content\/uploads\/2021\/08\/ALIISA-5-768x546.jpg 768w, http:\/\/www.hirvarit.fi\/teatteri\/wp-content\/uploads\/2021\/08\/ALIISA-5-1024x729.jpg 1024w\" sizes=\"(max-width: 440px) 100vw, 440px\" \/><\/a><figcaption id=\"caption-attachment-2840\" class=\"wp-caption-text\">Kuvassa vasemmalta: Gabriel Lillberg, Lilja Vellinki, Siiri kanninen, Anna K\u00e4lli ja Minja Hannuksela<\/figcaption><\/figure>\n<p><em><strong>Aliisa ihmemaassa<\/strong><\/em> -esitys tarjoaa naurun ja oivalluksen aiheita niin lapsille, nuorille kuin aikuisillekin! N\u00e4ytelm\u00e4 siis sopii koko perheen katsottavaksi, mutta alle 3 -vuotaiden katsojien kohdalla kehotamme harkitsemaan, jaksaako lapsi muita katsojia h\u00e4iritsem\u00e4tt\u00e4 seurata normaalimittaista teatteriesityst\u00e4.<\/p>\n<h2><a href=\"http:\/\/www.hirvarit.fi\/teatteri\/aliisa-valokuvat\/\"><span style=\"color: #00ccff;\">LIS\u00c4\u00c4 VALOKUVIA<\/span><\/a><\/h2>\n<p><strong>ALIISA IHMEMAASSA<br \/>\n<\/strong>K\u00e4sikirjoitus ja ohjaus: Minna-Stiina Saaristo-Vellinki<br \/>\nPuvustus: Anniina Kuula<br \/>\nLavastus: Niina Suvitie<br \/>\nValosuunnittelu: Taina M\u00f6ys\u00e4<br \/>\nValokuvat: Mika Nurmi Photography<\/p>\n<h2><\/h2>\n","protected":false},"excerpt":{"rendered":"<p>Koko perheen komedia, joka sekoittaa sadut, pelit ja piirretyt! 13-vuotias Aliisa p\u00e4ntt\u00e4\u00e4 englannin kielen kokeisiin ja nukahtaa kesken ep\u00e4s\u00e4\u00e4nn\u00f6llisten verbien. Murrosik\u00e4\u00e4 l\u00e4hestyv\u00e4n tyt\u00f6n unessa lapsuuden sadut sekoittuvat teinimaailman koukeroihin ja tietokonepelien kuvastoon. Tuloksena on hulvaton, v\u00e4rik\u00e4s mielikuvitusmatka, jossa oman osansa<\/p>\n","protected":false},"author":1,"featured_media":0,"parent":971,"menu_order":2,"comment_status":"closed","ping_status":"closed","template":"","meta":{"footnotes":""},"class_list":["post-2222","page","type-page","status-publish","hentry"],"_links":{"self":[{"href":"http:\/\/www.hirvarit.fi\/teatteri\/wp-json\/wp\/v2\/pages\/2222","targetHints":{"allow":["GET"]}}],"collection":[{"href":"http:\/\/www.hirvarit.fi\/teatteri\/wp-json\/wp\/v2\/pages"}],"about":[{"href":"http:\/\/www.hirvarit.fi\/teatteri\/wp-json\/wp\/v2\/types\/page"}],"author":[{"embeddable":true,"href":"http:\/\/www.hirvarit.fi\/teatteri\/wp-json\/wp\/v2\/users\/1"}],"replies":[{"embeddable":true,"href":"http:\/\/www.hirvarit.fi\/teatteri\/wp-json\/wp\/v2\/comments?post=2222"}],"version-history":[{"count":73,"href":"http:\/\/www.hirvarit.fi\/teatteri\/wp-json\/wp\/v2\/pages\/2222\/revisions"}],"predecessor-version":[{"id":3010,"href":"http:\/\/www.hirvarit.fi\/teatteri\/wp-json\/wp\/v2\/pages\/2222\/revisions\/3010"}],"up":[{"embeddable":true,"href":"http:\/\/www.hirvarit.fi\/teatteri\/wp-json\/wp\/v2\/pages\/971"}],"wp:attachment":[{"href":"http:\/\/www.hirvarit.fi\/teatteri\/wp-json\/wp\/v2\/media?parent=2222"}],"curies":[{"name":"wp","href":"https:\/\/api.w.org\/{rel}","templated":true}]}}