{"id":1828,"date":"2019-02-08T09:29:14","date_gmt":"2019-02-08T09:29:14","guid":{"rendered":"http:\/\/www.hirvarit.fi\/teatteri\/?page_id=1828"},"modified":"2019-10-29T08:36:42","modified_gmt":"2019-10-29T08:36:42","slug":"puuhiset-kevat-2019","status":"publish","type":"page","link":"http:\/\/www.hirvarit.fi\/teatteri\/puuhiset-kevat-2019\/","title":{"rendered":"PUUHISET"},"content":{"rendered":"<p>&nbsp;<\/p>\n<p><a href=\"http:\/\/www.hirvarit.fi\/teatteri\/wp-content\/uploads\/2019\/02\/PUUHISET-Kuva-nettisivuille-2.-copy.jpg\"><img fetchpriority=\"high\" decoding=\"async\" class=\"alignnone  wp-image-1840\" src=\"http:\/\/www.hirvarit.fi\/teatteri\/wp-content\/uploads\/2019\/02\/PUUHISET-Kuva-nettisivuille-2.-copy.jpg\" alt=\"PUUHISET Kuva Nettisivuille 2. Copy\" width=\"529\" height=\"516\" title=\"PUUHISET\" srcset=\"http:\/\/www.hirvarit.fi\/teatteri\/wp-content\/uploads\/2019\/02\/PUUHISET-Kuva-nettisivuille-2.-copy.jpg 842w, http:\/\/www.hirvarit.fi\/teatteri\/wp-content\/uploads\/2019\/02\/PUUHISET-Kuva-nettisivuille-2.-copy-300x293.jpg 300w, http:\/\/www.hirvarit.fi\/teatteri\/wp-content\/uploads\/2019\/02\/PUUHISET-Kuva-nettisivuille-2.-copy-768x750.jpg 768w\" sizes=\"(max-width: 529px) 100vw, 529px\" \/><\/a><\/p>\n<p>Rakastettu lastenkirjailija Marjatta Kurenniemi tunnetaan parhaiten Onneli ja Anneli -teoksistaan. Vuonna 1955 ilmestynyt Puuhiset on j\u00e4\u00e4nyt v\u00e4hemm\u00e4lle huomiolle, vaikka tarina onkin aivan yht\u00e4 valloittava. Hirvensalon Nuorisoteatteri kunnioitti sata vuotta sitten syntynytt\u00e4 kirjailijaa tuomalla Puuhiset ensimm\u00e4ist\u00e4 kertaa teatterin lavalle, Pikkuhirvareiden hauskana satun\u00e4ytelm\u00e4n\u00e4.<\/p>\n<figure id=\"attachment_1873\" aria-describedby=\"caption-attachment-1873\" style=\"width: 317px\" class=\"wp-caption alignnone\"><a href=\"http:\/\/www.hirvarit.fi\/teatteri\/wp-content\/uploads\/2019\/04\/puuhiset_.jpg\"><img decoding=\"async\" class=\" wp-image-1873\" src=\"http:\/\/www.hirvarit.fi\/teatteri\/wp-content\/uploads\/2019\/04\/puuhiset_.jpg\" alt=\"Puuhiset\" width=\"317\" height=\"476\" title=\"PUUHISET\" srcset=\"http:\/\/www.hirvarit.fi\/teatteri\/wp-content\/uploads\/2019\/04\/puuhiset_.jpg 1000w, http:\/\/www.hirvarit.fi\/teatteri\/wp-content\/uploads\/2019\/04\/puuhiset_-200x300.jpg 200w, http:\/\/www.hirvarit.fi\/teatteri\/wp-content\/uploads\/2019\/04\/puuhiset_-768x1152.jpg 768w, http:\/\/www.hirvarit.fi\/teatteri\/wp-content\/uploads\/2019\/04\/puuhiset_-683x1024.jpg 683w\" sizes=\"(max-width: 317px) 100vw, 317px\" \/><\/a><figcaption id=\"caption-attachment-1873\" class=\"wp-caption-text\">Plintti Puuhinen (Eino Pohjavirta)<\/figcaption><\/figure>\n<p>Kuva: Mika Nurmi Photography<\/p>\n<p>Vilja-tyt\u00f6n ja Viljo-pojan varjot vaihtavat omistajaa. Pian vaihdokkaat kuitenkin huomaavat, etteiv\u00e4t lainkaan viihdy v\u00e4\u00e4rill\u00e4 omistajillaan. Lopulta Viljan varjo saa tarpeekseen ja loikkaa kotitalon pihassa kasvavaan vaahteraan. T\u00e4\u00e4ll\u00e4 asustaa Maahisten ja Vetehisten sukulaiskansa, Puuhiset, joille villi varjo aiheuttaa melkoista p\u00e4\u00e4nvaivaa ja harmia. Vilja kutsutaan apuun, mist\u00e4 alkaa hauska ja sopivasti salaper\u00e4inen seikkailu omalaatuisten Puuhisten valtakunnassa.<\/p>\n<p>Loviisa Grubertin ohjaama esitys onnistui viel\u00e4 odotettuakin paremmin ja sai valtavasti l\u00e4hes ylist\u00e4v\u00e4\u00e4 palautetta niin n\u00e4ytelm\u00e4n vaikuttavasta, ammattivoimin toteutetusta visuaalisuudesta, kuin nuorten n\u00e4yttelij\u00f6iden riemukkaasta heitt\u00e4ytymisest\u00e4 ja taidostakin.<\/p>\n<p>N\u00e4ytelm\u00e4\u00e4 esitettiin Syv\u00e4lahden monitoimitalon teatteritilassa, mutta t\u00e4ll\u00e4 kertaa n\u00e4ytt\u00e4m\u00f6 oli k\u00e4\u00e4nnetty toisin p\u00e4in kuin edellisen syksyn Ella-tuotannossa. Ts. katsomona toimi n\u00e4ytt\u00e4m\u00f6n takana oleva, n. 75 henke\u00e4 mahduttava n\u00e4yttelij\u00e4l\u00e4mpi\u00f6, jonne teatterin hankkimien, suurten verhojen ansiosta saatiin luotua huomattavasti valtavaa aulaa intiimimpi ja h\u00e4m\u00e4r\u00e4mpi tunnelma. 9 esityksess\u00e4 n\u00e4ytelm\u00e4n n\u00e4ki yhteens\u00e4 450 katsojaa. Lis\u00e4ksi esitys teki yhden keikan Kerttulin p\u00e4iv\u00e4kodissa, jonka my\u00f6t\u00e4 tuotannon kokonaiskatsojam\u00e4\u00e4r\u00e4 kohosi 670 katsojaan.<\/p>\n<h2><a href=\"http:\/\/www.hirvarit.fi\/teatteri\/puuhiset-valokuvia\/\"><span style=\"color: #00ccff;\">LIS\u00c4\u00c4 KUVIA T\u00c4\u00c4LT\u00c4<\/span><\/a><\/h2>\n<p>N\u00e4yttelij\u00f6iden kuvaama ja editoima kooste harjoituksista, alkuvuodelta 2019 (huom! Harjoittelu tapahtuu siviilivaatteissa ja harjoituskulisseissa):<\/p>\n<p><iframe width=\"750\" height=\"422\" src=\"https:\/\/www.youtube.com\/embed\/rcUENR7gt-8?feature=oembed\" frameborder=\"0\" allow=\"accelerometer; autoplay; encrypted-media; gyroscope; picture-in-picture\" allowfullscreen><\/iframe><\/p>\n<h1><\/h1>\n","protected":false},"excerpt":{"rendered":"<p>&nbsp; Rakastettu lastenkirjailija Marjatta Kurenniemi tunnetaan parhaiten Onneli ja Anneli -teoksistaan. Vuonna 1955 ilmestynyt Puuhiset on j\u00e4\u00e4nyt v\u00e4hemm\u00e4lle huomiolle, vaikka tarina onkin aivan yht\u00e4 valloittava. Hirvensalon Nuorisoteatteri kunnioitti sata vuotta sitten syntynytt\u00e4 kirjailijaa tuomalla Puuhiset ensimm\u00e4ist\u00e4 kertaa teatterin lavalle, Pikkuhirvareiden<\/p>\n","protected":false},"author":1,"featured_media":0,"parent":0,"menu_order":0,"comment_status":"closed","ping_status":"closed","template":"","meta":{"footnotes":""},"class_list":["post-1828","page","type-page","status-publish","hentry"],"_links":{"self":[{"href":"http:\/\/www.hirvarit.fi\/teatteri\/wp-json\/wp\/v2\/pages\/1828","targetHints":{"allow":["GET"]}}],"collection":[{"href":"http:\/\/www.hirvarit.fi\/teatteri\/wp-json\/wp\/v2\/pages"}],"about":[{"href":"http:\/\/www.hirvarit.fi\/teatteri\/wp-json\/wp\/v2\/types\/page"}],"author":[{"embeddable":true,"href":"http:\/\/www.hirvarit.fi\/teatteri\/wp-json\/wp\/v2\/users\/1"}],"replies":[{"embeddable":true,"href":"http:\/\/www.hirvarit.fi\/teatteri\/wp-json\/wp\/v2\/comments?post=1828"}],"version-history":[{"count":11,"href":"http:\/\/www.hirvarit.fi\/teatteri\/wp-json\/wp\/v2\/pages\/1828\/revisions"}],"predecessor-version":[{"id":2082,"href":"http:\/\/www.hirvarit.fi\/teatteri\/wp-json\/wp\/v2\/pages\/1828\/revisions\/2082"}],"wp:attachment":[{"href":"http:\/\/www.hirvarit.fi\/teatteri\/wp-json\/wp\/v2\/media?parent=1828"}],"curies":[{"name":"wp","href":"https:\/\/api.w.org\/{rel}","templated":true}]}}